{"id":10502,"date":"2023-06-02T15:26:11","date_gmt":"2023-06-02T19:26:11","guid":{"rendered":"https:\/\/vinculacion.aiep.cl\/?page_id=10502"},"modified":"2025-04-08T03:36:51","modified_gmt":"2025-04-08T07:36:51","slug":"sostenibilidad-generos-y-diversidades-recursos-y-documentos","status":"publish","type":"page","link":"https:\/\/vinculacion.aiep.cl\/index.php\/sostenibilidad-generos-y-diversidades-recursos-y-documentos\/","title":{"rendered":"Sostenibilidad &#8211; G\u00e9neros y Diversidades &#8211; Recursos y documentos"},"content":{"rendered":"\t\t<div data-elementor-type=\"wp-page\" data-elementor-id=\"10502\" class=\"elementor elementor-10502\">\n\t\t\t\t\t\t<section class=\"elementor-section elementor-top-section elementor-element elementor-element-438c188 elementor-section-full_width elementor-section-stretched elementor-section-height-default elementor-section-height-default\" data-id=\"438c188\" data-element_type=\"section\" data-e-type=\"section\" data-settings=\"{&quot;stretch_section&quot;:&quot;section-stretched&quot;}\">\n\t\t\t\t\t\t<div class=\"elementor-container elementor-column-gap-no\">\n\t\t\t\t\t<div class=\"elementor-column elementor-col-50 elementor-top-column elementor-element elementor-element-df2ce6d column-style-top column-top\" data-id=\"df2ce6d\" data-element_type=\"column\" data-e-type=\"column\">\n\t\t\t<div class=\"elementor-widget-wrap elementor-element-populated\">\n\t\t\t\t\t\t<div class=\"elementor-element elementor-element-fa547d8 elementor-invisible elementor-widget elementor-widget-image\" data-id=\"fa547d8\" data-element_type=\"widget\" data-e-type=\"widget\" data-settings=\"{&quot;_animation&quot;:&quot;fadeIn&quot;}\" data-widget_type=\"image.default\">\n\t\t\t\t<div class=\"elementor-widget-container\">\n\t\t\t\t\t\t\t\t\t\t\t\t\t\t\t\t<a href=\"https:\/\/vinculacion.aiep.cl\/index.php\/sostenibilidad\/\">\n\t\t\t\t\t\t\t<img decoding=\"async\" width=\"300\" height=\"105\" src=\"https:\/\/vinculacion.aiep.cl\/wp-content\/uploads\/2023\/04\/logo-sostenibilidad.png\" class=\"attachment-medium size-medium wp-image-9839\" alt=\"\" \/>\t\t\t\t\t\t\t\t<\/a>\n\t\t\t\t\t\t\t\t\t\t\t\t\t\t\t<\/div>\n\t\t\t\t<\/div>\n\t\t\t\t\t<\/div>\n\t\t<\/div>\n\t\t\t\t<div class=\"elementor-column elementor-col-50 elementor-top-column elementor-element elementor-element-b9f9430 column-style-top column-top\" data-id=\"b9f9430\" data-element_type=\"column\" data-e-type=\"column\">\n\t\t\t<div class=\"elementor-widget-wrap elementor-element-populated\">\n\t\t\t\t\t\t<div class=\"elementor-element elementor-element-b131708 elementor-widget elementor-widget-spacer\" data-id=\"b131708\" data-element_type=\"widget\" data-e-type=\"widget\" data-widget_type=\"spacer.default\">\n\t\t\t\t<div class=\"elementor-widget-container\">\n\t\t\t\t\t\t\t<div class=\"elementor-spacer\">\n\t\t\t<div class=\"elementor-spacer-inner\"><\/div>\n\t\t<\/div>\n\t\t\t\t\t\t<\/div>\n\t\t\t\t<\/div>\n\t\t\t\t<div class=\"elementor-element elementor-element-d621e9c elementor-absolute eael_simple_menu_hamburger_disable_selected_menu_hide eael-simple-menu-hamburger-align-right eael-hamburger--tablet elementor-invisible elementor-widget elementor-widget-eael-simple-menu\" data-id=\"d621e9c\" data-element_type=\"widget\" data-e-type=\"widget\" data-settings=\"{&quot;_position&quot;:&quot;absolute&quot;,&quot;_animation&quot;:&quot;fadeIn&quot;}\" data-widget_type=\"eael-simple-menu.default\">\n\t\t\t\t<div class=\"elementor-widget-container\">\n\t\t\t\t\t<style>\n                        @media screen and (max-width: 1024px) {\n                            .eael-hamburger--tablet {\n                                .eael-simple-menu-horizontal,\n                                .eael-simple-menu-vertical {\n                                    display: none;\n                                }\n                            }\n                            .eael-hamburger--tablet {\n                                .eael-simple-menu-container .eael-simple-menu-toggle {\n                                    display: block;\n                                }\n                            }\n                        }\n                    <\/style>            <div data-hamburger-icon=\"&lt;i aria-hidden=&quot;true&quot; class=&quot;fas fa-bars&quot;&gt;&lt;\/i&gt;\" data-indicator-icon=\"&lt;i aria-hidden=&quot;true&quot; class=&quot;fas fa-angle-down&quot;&gt;&lt;\/i&gt;\" data-dropdown-indicator-icon=\"&lt;i class=&quot;fas fa-angle-down&quot;&gt;&lt;\/i&gt;\" class=\"eael-simple-menu-container eael-simple-menu-align-center eael-simple-menu--stretch eael-simple-menu-dropdown-align-left preset-1\" data-hamburger-breakpoints=\"{&quot;mobile&quot;:&quot;M\\u00f3vil vertical (&gt; 767px)&quot;,&quot;tablet&quot;:&quot;Tableta vertical (&gt; 1024px)&quot;,&quot;desktop&quot;:&quot;Escritorio (&gt; 2400px)&quot;,&quot;none&quot;:&quot;Ninguno&quot;}\" data-hamburger-device=\"tablet\">\n                <ul id=\"menu-menu-sostenibilidad\" class=\"eael-simple-menu eael-simple-menu-dropdown-animate-to-top eael-simple-menu-indicator eael-simple-menu-horizontal\"><li id=\"menu-item-9811\" class=\"menu-item menu-item-type-custom menu-item-object-custom menu-item-has-children menu-item-9811\"><a href=\"#\">Nuestro Compromiso<\/a>\n<ul class=\"sub-menu\">\n\t<li id=\"menu-item-9812\" class=\"menu-item menu-item-type-custom menu-item-object-custom menu-item-9812\"><a target=\"_blank\" href=\"https:\/\/transparencia.aiep.cl\/index.php\/doc\/politica-de-sostenibilidad\/\">Pol\u00edtica Sostenibilidad<\/a><\/li>\n\t<li id=\"menu-item-10441\" class=\"menu-item menu-item-type-post_type menu-item-object-page menu-item-10441\"><a href=\"https:\/\/vinculacion.aiep.cl\/index.php\/sostenibilidad-resumen-ejecutivo-plan-de-sostenibilidad\/\">Plan de Sostenibilidad<\/a><\/li>\n\t<li id=\"menu-item-10086\" class=\"menu-item menu-item-type-post_type menu-item-object-page menu-item-10086\"><a href=\"https:\/\/vinculacion.aiep.cl\/index.php\/sostenibilidad-reporte-sostenibilidad-2023\/\">Reporte Sostenibilidad<\/a><\/li>\n\t<li id=\"menu-item-9987\" class=\"menu-item menu-item-type-post_type menu-item-object-page menu-item-9987\"><a href=\"https:\/\/vinculacion.aiep.cl\/index.php\/sostenibilidad-certificaciones\/\">Certificaciones<\/a><\/li>\n<\/ul>\n<\/li>\n<li id=\"menu-item-9816\" class=\"menu-item menu-item-type-custom menu-item-object-custom menu-item-has-children menu-item-9816\"><a href=\"#\">Medio ambiente<\/a>\n<ul class=\"sub-menu\">\n\t<li id=\"menu-item-10061\" class=\"menu-item menu-item-type-post_type menu-item-object-page menu-item-10061\"><a href=\"https:\/\/vinculacion.aiep.cl\/index.php\/sostenibilidad-agua\/\">Agua<\/a><\/li>\n\t<li id=\"menu-item-11841\" class=\"menu-item menu-item-type-post_type menu-item-object-page menu-item-11841\"><a href=\"https:\/\/vinculacion.aiep.cl\/index.php\/sostenibilidad-biodiversidad\/\">Biodiversidad<\/a><\/li>\n\t<li id=\"menu-item-9986\" class=\"menu-item menu-item-type-post_type menu-item-object-page menu-item-9986\"><a href=\"https:\/\/vinculacion.aiep.cl\/index.php\/sostenibilidad-carbono-neutralidad\/\">Carbono Neutralidad<\/a><\/li>\n\t<li id=\"menu-item-12799\" class=\"menu-item menu-item-type-post_type menu-item-object-page menu-item-12799\"><a href=\"https:\/\/vinculacion.aiep.cl\/index.php\/cultura-sustentable\/\">Cultura Sustentable<\/a><\/li>\n\t<li id=\"menu-item-10060\" class=\"menu-item menu-item-type-post_type menu-item-object-page menu-item-10060\"><a href=\"https:\/\/vinculacion.aiep.cl\/index.php\/sostenibilidad-energia\/\">Energ\u00eda<\/a><\/li>\n\t<li id=\"menu-item-10058\" class=\"menu-item menu-item-type-post_type menu-item-object-page menu-item-10058\"><a href=\"https:\/\/vinculacion.aiep.cl\/index.php\/sostenibilidad-movilidad\/\">Movilidad<\/a><\/li>\n\t<li id=\"menu-item-10059\" class=\"menu-item menu-item-type-post_type menu-item-object-page menu-item-10059\"><a href=\"https:\/\/vinculacion.aiep.cl\/index.php\/sostenibilidad-residuos\/\">Residuos<\/a><\/li>\n<\/ul>\n<\/li>\n<li id=\"menu-item-10514\" class=\"menu-item menu-item-type-post_type menu-item-object-page menu-item-has-children menu-item-10514\"><a href=\"https:\/\/vinculacion.aiep.cl\/index.php\/sostenibilidad-genero-y-diversidades\/\">G\u00e9nero y Diversidades<\/a>\n<ul class=\"sub-menu\">\n\t<li id=\"menu-item-10513\" class=\"menu-item menu-item-type-post_type menu-item-object-page menu-item-10513\"><a href=\"https:\/\/vinculacion.aiep.cl\/index.php\/sostenibilidad-generos-y-diversidades-politicas-y-normativa\/\">Pol\u00edticas y normativa<\/a><\/li>\n\t<li id=\"menu-item-10512\" class=\"menu-item menu-item-type-post_type menu-item-object-page menu-item-10512\"><a href=\"https:\/\/vinculacion.aiep.cl\/index.php\/sostenibilidad-generos-y-diversidades-canales-de-apoyo\/\">Canales de Apoyo<\/a><\/li>\n\t<li id=\"menu-item-10511\" class=\"menu-item menu-item-type-post_type menu-item-object-page menu-item-10511\"><a href=\"https:\/\/vinculacion.aiep.cl\/index.php\/sostenibilidad-generos-y-diversidades-recursos-y-documentos\/\">Recursos y documentos<\/a><\/li>\n<\/ul>\n<\/li>\n<li id=\"menu-item-10057\" class=\"menu-item menu-item-type-post_type menu-item-object-page menu-item-10057\"><a href=\"https:\/\/vinculacion.aiep.cl\/index.php\/sostenibilidad-redes-estrategicas\/\">Redes estrat\u00e9gicas<\/a><\/li>\n<\/ul>                <button class=\"eael-simple-menu-toggle\">\n                    <span class=\"sr-only \">Men\u00fa conmutador hamburguesa<\/span>\n                    <i aria-hidden=\"true\" class=\"fas fa-bars\"><\/i>                <\/button>\n            <\/div>\n            \t\t\t\t<\/div>\n\t\t\t\t<\/div>\n\t\t\t\t\t<\/div>\n\t\t<\/div>\n\t\t\t\t\t<\/div>\n\t\t<\/section>\n\t\t\t\t<section class=\"elementor-section elementor-top-section elementor-element elementor-element-ddd87e5 elementor-section-boxed elementor-section-height-default elementor-section-height-default\" data-id=\"ddd87e5\" data-element_type=\"section\" data-e-type=\"section\">\n\t\t\t\t\t\t<div class=\"elementor-container elementor-column-gap-default\">\n\t\t\t\t\t<div class=\"elementor-column elementor-col-100 elementor-top-column elementor-element elementor-element-ad054cb column-style-top column-top\" data-id=\"ad054cb\" data-element_type=\"column\" data-e-type=\"column\">\n\t\t\t<div class=\"elementor-widget-wrap elementor-element-populated\">\n\t\t\t\t\t\t<div class=\"elementor-element elementor-element-dcaf841 elementor-widget elementor-widget-spacer\" data-id=\"dcaf841\" data-element_type=\"widget\" data-e-type=\"widget\" data-widget_type=\"spacer.default\">\n\t\t\t\t<div class=\"elementor-widget-container\">\n\t\t\t\t\t\t\t<div class=\"elementor-spacer\">\n\t\t\t<div class=\"elementor-spacer-inner\"><\/div>\n\t\t<\/div>\n\t\t\t\t\t\t<\/div>\n\t\t\t\t<\/div>\n\t\t\t\t\t<\/div>\n\t\t<\/div>\n\t\t\t\t\t<\/div>\n\t\t<\/section>\n\t\t\t\t<section class=\"elementor-section elementor-top-section elementor-element elementor-element-2a4a8d0 elementor-section-boxed elementor-section-height-default elementor-section-height-default\" data-id=\"2a4a8d0\" data-element_type=\"section\" data-e-type=\"section\">\n\t\t\t\t\t\t<div class=\"elementor-container elementor-column-gap-default\">\n\t\t\t\t\t<div class=\"elementor-column elementor-col-100 elementor-top-column elementor-element elementor-element-a7d61ce column-style-top column-top\" data-id=\"a7d61ce\" data-element_type=\"column\" data-e-type=\"column\">\n\t\t\t<div class=\"elementor-widget-wrap elementor-element-populated\">\n\t\t\t\t\t\t<div class=\"elementor-element elementor-element-6dc2769 elementor-widget__width-inherit elementor-widget elementor-widget-image\" data-id=\"6dc2769\" data-element_type=\"widget\" data-e-type=\"widget\" data-widget_type=\"image.default\">\n\t\t\t\t<div class=\"elementor-widget-container\">\n\t\t\t\t\t\t\t\t\t\t\t\t\t\t\t<img fetchpriority=\"high\" decoding=\"async\" width=\"1170\" height=\"300\" src=\"https:\/\/vinculacion.aiep.cl\/wp-content\/uploads\/2023\/08\/diversidad_generico_headernotaCL_1170x300.png\" class=\"attachment-2048x2048 size-2048x2048 wp-image-10585\" alt=\"\" \/>\t\t\t\t\t\t\t\t\t\t\t\t\t\t\t<\/div>\n\t\t\t\t<\/div>\n\t\t\t\t<div class=\"elementor-element elementor-element-aec503d eael-dual-header-content-align-center elementor-widget elementor-widget-eael-dual-color-header\" data-id=\"aec503d\" data-element_type=\"widget\" data-e-type=\"widget\" data-widget_type=\"eael-dual-color-header.default\">\n\t\t\t\t<div class=\"elementor-widget-container\">\n\t\t\t\t\t\t\t\t<div class=\"eael-dual-header\">\n\t\t\t\t<h2 class=\"title eael-dch-title\"><span class=\"eael-dch-title-text eael-dch-title-lead lead solid-color\">Recursos<\/span> <span class=\"eael-dch-title-text\">y Documentos<\/span><\/h2><div class=\"eael-dch-separator-wrap\"><span class=\"separator-one\"><\/span>\n\t\t\t<span class=\"separator-two\"><\/span><\/div>\t\t\t\t\t<span class=\"subtext\"><p>\u00a0<\/p><p style=\"text-align: center\">Conoce el Glosario de G\u00e9nero y Diversidades aqu\u00ed:<\/p><\/span>\n\t\t\t\t\t\t\t<\/div>\n\n\t\t\t\t\t\t<\/div>\n\t\t\t\t<\/div>\n\t\t\t\t\t<\/div>\n\t\t<\/div>\n\t\t\t\t\t<\/div>\n\t\t<\/section>\n\t\t\t\t<section class=\"elementor-section elementor-top-section elementor-element elementor-element-267b05c elementor-section-boxed elementor-section-height-default elementor-section-height-default\" data-id=\"267b05c\" data-element_type=\"section\" data-e-type=\"section\">\n\t\t\t\t\t\t<div class=\"elementor-container elementor-column-gap-default\">\n\t\t\t\t\t<div class=\"elementor-column elementor-col-100 elementor-top-column elementor-element elementor-element-3df3e0f column-style-top column-top\" data-id=\"3df3e0f\" data-element_type=\"column\" data-e-type=\"column\">\n\t\t\t<div class=\"elementor-widget-wrap elementor-element-populated\">\n\t\t\t\t\t\t<div class=\"elementor-element elementor-element-d4cf74e elementor-position-top elementor-widget elementor-widget-image-box\" data-id=\"d4cf74e\" data-element_type=\"widget\" data-e-type=\"widget\" data-widget_type=\"image-box.default\">\n\t\t\t\t<div class=\"elementor-widget-container\">\n\t\t\t\t\t<div class=\"elementor-image-box-wrapper\"><figure class=\"elementor-image-box-img\"><a href=\"https:\/\/transparencia.aiep.cl\/index.php\/doc\/glosario-genero-y-diversidades-2\/\" target=\"_blank\" tabindex=\"-1\"><img decoding=\"async\" width=\"792\" height=\"549\" src=\"https:\/\/vinculacion.aiep.cl\/wp-content\/uploads\/2023\/06\/Glosario-min.jpg\" class=\"attachment-full size-full wp-image-10504\" alt=\"\" \/><\/a><\/figure><div class=\"elementor-image-box-content\"><h3 class=\"elementor-image-box-title\"><a href=\"https:\/\/transparencia.aiep.cl\/index.php\/doc\/glosario-genero-y-diversidades-2\/\" target=\"_blank\">Ver Documento<\/a><\/h3><\/div><\/div>\t\t\t\t<\/div>\n\t\t\t\t<\/div>\n\t\t\t\t\t<\/div>\n\t\t<\/div>\n\t\t\t\t\t<\/div>\n\t\t<\/section>\n\t\t\t\t<section class=\"elementor-section elementor-top-section elementor-element elementor-element-f8dad1e elementor-section-boxed elementor-section-height-default elementor-section-height-default\" data-id=\"f8dad1e\" data-element_type=\"section\" data-e-type=\"section\">\n\t\t\t\t\t\t<div class=\"elementor-container elementor-column-gap-default\">\n\t\t\t\t\t<div class=\"elementor-column elementor-col-100 elementor-top-column elementor-element elementor-element-b606768 column-style-top column-top\" data-id=\"b606768\" data-element_type=\"column\" data-e-type=\"column\">\n\t\t\t<div class=\"elementor-widget-wrap elementor-element-populated\">\n\t\t\t\t\t\t<div class=\"elementor-element elementor-element-42d6b01 elementor-widget elementor-widget-image\" data-id=\"42d6b01\" data-element_type=\"widget\" data-e-type=\"widget\" data-widget_type=\"image.default\">\n\t\t\t\t<div class=\"elementor-widget-container\">\n\t\t\t\t\t\t\t\t\t\t\t\t\t\t\t<img loading=\"lazy\" decoding=\"async\" width=\"1317\" height=\"170\" src=\"https:\/\/vinculacion.aiep.cl\/wp-content\/uploads\/2024\/09\/foot.png\" class=\"attachment-full size-full wp-image-11392\" alt=\"\" \/>\t\t\t\t\t\t\t\t\t\t\t\t\t\t\t<\/div>\n\t\t\t\t<\/div>\n\t\t\t\t\t<\/div>\n\t\t<\/div>\n\t\t\t\t\t<\/div>\n\t\t<\/section>\n\t\t\t\t<\/div>\n\t\t","protected":false},"excerpt":{"rendered":"<p>Nuestro Compromiso Pol\u00edtica Sostenibilidad Plan de Sostenibilidad Reporte Sostenibilidad Certificaciones Medio ambiente Agua Biodiversidad Carbono Neutralidad Energ\u00eda Movilidad Residuos G\u00e9nero y Diversidades Pol\u00edticas y normativa Canales de Apoyo Recursos y documentos Redes estrat\u00e9gicas Men\u00fa conmutador hamburguesa Recursos y Documentos Conoce el Glosario de G\u00e9nero y Diversidades aqu\u00ed: Ver Documento<\/p>\n","protected":false},"author":1,"featured_media":0,"parent":0,"menu_order":0,"comment_status":"closed","ping_status":"closed","template":"elementor_canvas","meta":{"footnotes":""},"class_list":["post-10502","page","type-page","status-publish","hentry"],"yoast_head":"<!-- This site is optimized with the Yoast SEO plugin v26.8 - https:\/\/yoast.com\/product\/yoast-seo-wordpress\/ -->\n<title>Sostenibilidad - Movilidad<\/title>\n<meta name=\"robots\" content=\"index, follow, max-snippet:-1, max-image-preview:large, max-video-preview:-1\" \/>\n<link rel=\"canonical\" href=\"https:\/\/vinculacion.aiep.cl\/index.php\/sostenibilidad-generos-y-diversidades-recursos-y-documentos\/\" \/>\n<meta property=\"og:locale\" content=\"es_ES\" \/>\n<meta property=\"og:type\" content=\"article\" \/>\n<meta property=\"og:title\" content=\"Sostenibilidad - Movilidad\" \/>\n<meta property=\"og:description\" content=\"Nuestro Compromiso Pol\u00edtica Sostenibilidad Plan de Sostenibilidad Reporte Sostenibilidad Certificaciones Medio ambiente Agua Biodiversidad Carbono Neutralidad Energ\u00eda Movilidad Residuos G\u00e9nero y Diversidades Pol\u00edticas y normativa Canales de Apoyo Recursos y documentos Redes estrat\u00e9gicas Men\u00fa conmutador hamburguesa Recursos y Documentos Conoce el Glosario de G\u00e9nero y Diversidades aqu\u00ed: Ver Documento\" \/>\n<meta property=\"og:url\" content=\"https:\/\/vinculacion.aiep.cl\/index.php\/sostenibilidad-generos-y-diversidades-recursos-y-documentos\/\" \/>\n<meta property=\"og:site_name\" content=\"Vinculaci\u00f3n con el Medio AIEP\" \/>\n<meta property=\"article:modified_time\" content=\"2025-04-08T07:36:51+00:00\" \/>\n<meta name=\"twitter:card\" content=\"summary_large_image\" \/>\n<meta name=\"twitter:label1\" content=\"Tiempo de lectura\" \/>\n\t<meta name=\"twitter:data1\" content=\"2 minutos\" \/>\n<script type=\"application\/ld+json\" class=\"yoast-schema-graph\">{\"@context\":\"https:\/\/schema.org\",\"@graph\":[{\"@type\":\"WebPage\",\"@id\":\"https:\/\/vinculacion.aiep.cl\/index.php\/sostenibilidad-generos-y-diversidades-recursos-y-documentos\/\",\"url\":\"https:\/\/vinculacion.aiep.cl\/index.php\/sostenibilidad-generos-y-diversidades-recursos-y-documentos\/\",\"name\":\"Sostenibilidad - Movilidad\",\"isPartOf\":{\"@id\":\"https:\/\/vinculacion.aiep.cl\/#website\"},\"datePublished\":\"2023-06-02T19:26:11+00:00\",\"dateModified\":\"2025-04-08T07:36:51+00:00\",\"breadcrumb\":{\"@id\":\"https:\/\/vinculacion.aiep.cl\/index.php\/sostenibilidad-generos-y-diversidades-recursos-y-documentos\/#breadcrumb\"},\"inLanguage\":\"es\",\"potentialAction\":[{\"@type\":\"ReadAction\",\"target\":[\"https:\/\/vinculacion.aiep.cl\/index.php\/sostenibilidad-generos-y-diversidades-recursos-y-documentos\/\"]}]},{\"@type\":\"BreadcrumbList\",\"@id\":\"https:\/\/vinculacion.aiep.cl\/index.php\/sostenibilidad-generos-y-diversidades-recursos-y-documentos\/#breadcrumb\",\"itemListElement\":[{\"@type\":\"ListItem\",\"position\":1,\"name\":\"Home\",\"item\":\"https:\/\/vinculacion.aiep.cl\/\"},{\"@type\":\"ListItem\",\"position\":2,\"name\":\"Sostenibilidad &#8211; G\u00e9neros y Diversidades &#8211; Recursos y documentos\"}]},{\"@type\":\"WebSite\",\"@id\":\"https:\/\/vinculacion.aiep.cl\/#website\",\"url\":\"https:\/\/vinculacion.aiep.cl\/\",\"name\":\"Vinculaci\u00f3n con el medio\",\"description\":\"\",\"publisher\":{\"@id\":\"https:\/\/vinculacion.aiep.cl\/#organization\"},\"potentialAction\":[{\"@type\":\"SearchAction\",\"target\":{\"@type\":\"EntryPoint\",\"urlTemplate\":\"https:\/\/vinculacion.aiep.cl\/?s={search_term_string}\"},\"query-input\":{\"@type\":\"PropertyValueSpecification\",\"valueRequired\":true,\"valueName\":\"search_term_string\"}}],\"inLanguage\":\"es\"},{\"@type\":\"Organization\",\"@id\":\"https:\/\/vinculacion.aiep.cl\/#organization\",\"name\":\"Vinculaci\u00f3n AIEP\",\"url\":\"https:\/\/vinculacion.aiep.cl\/\",\"logo\":{\"@type\":\"ImageObject\",\"inLanguage\":\"es\",\"@id\":\"https:\/\/vinculacion.aiep.cl\/#\/schema\/logo\/image\/\",\"url\":\"https:\/\/vinculacion.aiep.cl\/wp-content\/uploads\/2024\/11\/logo-large.png\",\"contentUrl\":\"https:\/\/vinculacion.aiep.cl\/wp-content\/uploads\/2024\/11\/logo-large.png\",\"width\":500,\"height\":500,\"caption\":\"Vinculaci\u00f3n AIEP\"},\"image\":{\"@id\":\"https:\/\/vinculacion.aiep.cl\/#\/schema\/logo\/image\/\"}}]}<\/script>\n<!-- \/ Yoast SEO plugin. -->","yoast_head_json":{"title":"Sostenibilidad - Movilidad","robots":{"index":"index","follow":"follow","max-snippet":"max-snippet:-1","max-image-preview":"max-image-preview:large","max-video-preview":"max-video-preview:-1"},"canonical":"https:\/\/vinculacion.aiep.cl\/index.php\/sostenibilidad-generos-y-diversidades-recursos-y-documentos\/","og_locale":"es_ES","og_type":"article","og_title":"Sostenibilidad - Movilidad","og_description":"Nuestro Compromiso Pol\u00edtica Sostenibilidad Plan de Sostenibilidad Reporte Sostenibilidad Certificaciones Medio ambiente Agua Biodiversidad Carbono Neutralidad Energ\u00eda Movilidad Residuos G\u00e9nero y Diversidades Pol\u00edticas y normativa Canales de Apoyo Recursos y documentos Redes estrat\u00e9gicas Men\u00fa conmutador hamburguesa Recursos y Documentos Conoce el Glosario de G\u00e9nero y Diversidades aqu\u00ed: Ver Documento","og_url":"https:\/\/vinculacion.aiep.cl\/index.php\/sostenibilidad-generos-y-diversidades-recursos-y-documentos\/","og_site_name":"Vinculaci\u00f3n con el Medio AIEP","article_modified_time":"2025-04-08T07:36:51+00:00","twitter_card":"summary_large_image","twitter_misc":{"Tiempo de lectura":"2 minutos"},"schema":{"@context":"https:\/\/schema.org","@graph":[{"@type":"WebPage","@id":"https:\/\/vinculacion.aiep.cl\/index.php\/sostenibilidad-generos-y-diversidades-recursos-y-documentos\/","url":"https:\/\/vinculacion.aiep.cl\/index.php\/sostenibilidad-generos-y-diversidades-recursos-y-documentos\/","name":"Sostenibilidad - Movilidad","isPartOf":{"@id":"https:\/\/vinculacion.aiep.cl\/#website"},"datePublished":"2023-06-02T19:26:11+00:00","dateModified":"2025-04-08T07:36:51+00:00","breadcrumb":{"@id":"https:\/\/vinculacion.aiep.cl\/index.php\/sostenibilidad-generos-y-diversidades-recursos-y-documentos\/#breadcrumb"},"inLanguage":"es","potentialAction":[{"@type":"ReadAction","target":["https:\/\/vinculacion.aiep.cl\/index.php\/sostenibilidad-generos-y-diversidades-recursos-y-documentos\/"]}]},{"@type":"BreadcrumbList","@id":"https:\/\/vinculacion.aiep.cl\/index.php\/sostenibilidad-generos-y-diversidades-recursos-y-documentos\/#breadcrumb","itemListElement":[{"@type":"ListItem","position":1,"name":"Home","item":"https:\/\/vinculacion.aiep.cl\/"},{"@type":"ListItem","position":2,"name":"Sostenibilidad &#8211; G\u00e9neros y Diversidades &#8211; Recursos y documentos"}]},{"@type":"WebSite","@id":"https:\/\/vinculacion.aiep.cl\/#website","url":"https:\/\/vinculacion.aiep.cl\/","name":"Vinculaci\u00f3n con el medio","description":"","publisher":{"@id":"https:\/\/vinculacion.aiep.cl\/#organization"},"potentialAction":[{"@type":"SearchAction","target":{"@type":"EntryPoint","urlTemplate":"https:\/\/vinculacion.aiep.cl\/?s={search_term_string}"},"query-input":{"@type":"PropertyValueSpecification","valueRequired":true,"valueName":"search_term_string"}}],"inLanguage":"es"},{"@type":"Organization","@id":"https:\/\/vinculacion.aiep.cl\/#organization","name":"Vinculaci\u00f3n AIEP","url":"https:\/\/vinculacion.aiep.cl\/","logo":{"@type":"ImageObject","inLanguage":"es","@id":"https:\/\/vinculacion.aiep.cl\/#\/schema\/logo\/image\/","url":"https:\/\/vinculacion.aiep.cl\/wp-content\/uploads\/2024\/11\/logo-large.png","contentUrl":"https:\/\/vinculacion.aiep.cl\/wp-content\/uploads\/2024\/11\/logo-large.png","width":500,"height":500,"caption":"Vinculaci\u00f3n AIEP"},"image":{"@id":"https:\/\/vinculacion.aiep.cl\/#\/schema\/logo\/image\/"}}]}},"_links":{"self":[{"href":"https:\/\/vinculacion.aiep.cl\/index.php\/wp-json\/wp\/v2\/pages\/10502","targetHints":{"allow":["GET"]}}],"collection":[{"href":"https:\/\/vinculacion.aiep.cl\/index.php\/wp-json\/wp\/v2\/pages"}],"about":[{"href":"https:\/\/vinculacion.aiep.cl\/index.php\/wp-json\/wp\/v2\/types\/page"}],"author":[{"embeddable":true,"href":"https:\/\/vinculacion.aiep.cl\/index.php\/wp-json\/wp\/v2\/users\/1"}],"replies":[{"embeddable":true,"href":"https:\/\/vinculacion.aiep.cl\/index.php\/wp-json\/wp\/v2\/comments?post=10502"}],"version-history":[{"count":20,"href":"https:\/\/vinculacion.aiep.cl\/index.php\/wp-json\/wp\/v2\/pages\/10502\/revisions"}],"predecessor-version":[{"id":11858,"href":"https:\/\/vinculacion.aiep.cl\/index.php\/wp-json\/wp\/v2\/pages\/10502\/revisions\/11858"}],"wp:attachment":[{"href":"https:\/\/vinculacion.aiep.cl\/index.php\/wp-json\/wp\/v2\/media?parent=10502"}],"curies":[{"name":"wp","href":"https:\/\/api.w.org\/{rel}","templated":true}]}}