{"id":10655,"date":"2024-01-29T17:46:07","date_gmt":"2024-01-29T20:46:07","guid":{"rendered":"https:\/\/vinculacion.aiep.cl\/index.php\/user-videos\/"},"modified":"2025-08-26T15:41:50","modified_gmt":"2025-08-26T19:41:50","slug":"videos","status":"publish","type":"page","link":"https:\/\/vinculacion.aiep.cl\/index.php\/videos\/","title":{"rendered":"Videos"},"content":{"rendered":"\r\n<div id=\"aiovg-69dc94ad4f07b1\" class=\"aiovg aiovg-videos aiovg-videos-template-classic\">\r\n        \r\n    <!-- Videos -->\r\n    <div class=\"aiovg-section-videos aiovg-grid aiovg-row\">   \r\n                    \r\n            <div class=\"aiovg-item-video aiovg-item-video-13017 aiovg-col aiovg-col-3 aiovg-col-xs-2\" data-id=\"13017\">\r\n                \n<div class=\"aiovg-thumbnail aiovg-thumbnail-style-image-top\">\n    <a href=\"https:\/\/vinculacion.aiep.cl\/index.php\/video\/webinar-internacional-sobre-alzheimer-familiar-y-terapias-preventivas\/\" class=\"aiovg-responsive-container\" style=\"padding-bottom: 56.25%;\"><img decoding=\"async\" src=\"https:\/\/img.youtube.com\/vi\/fMlNZLX54jY\/maxresdefault.jpg\" alt=\"Webinar Internacional sobre Alzheimer Familiar y Terapias Preventivas\" class=\"aiovg-responsive-element\" loading=\"lazy\"\/><div class=\"aiovg-duration\">1:25:05<\/div><svg xmlns=\"http:\/\/www.w3.org\/2000\/svg\" fill=\"white\" width=\"40\" height=\"40\" viewBox=\"0 0 24 24\" class=\"aiovg-svg-icon-play aiovg-flex-shrink-0\">\n            <path fill-rule=\"evenodd\" d=\"M2.25 12c0-5.385 4.365-9.75 9.75-9.75s9.75 4.365 9.75 9.75-4.365 9.75-9.75 9.75S2.25 17.385 2.25 12Zm14.024-.983a1.125 1.125 0 0 1 0 1.966l-5.603 3.113A1.125 1.125 0 0 1 9 15.113V8.887c0-.857.921-1.4 1.671-.983l5.603 3.113Z\" clip-rule=\"evenodd\" \/>\n        <\/svg><\/a> \n    <div class=\"aiovg-caption\">\n                    <div class=\"aiovg-title\">\n                <a href=\"https:\/\/vinculacion.aiep.cl\/index.php\/video\/webinar-internacional-sobre-alzheimer-familiar-y-terapias-preventivas\/\" class=\"aiovg-link-title\">Webinar Internacional sobre Alzheimer Familiar y Terapias Preventivas<\/a>            <\/div>\n        \n        \n               \n        \n        \n               \n\n         \n        \n            <\/div>    \n<\/div>            \r\n            <\/div>                \r\n                        \r\n            <div class=\"aiovg-item-video aiovg-item-video-12689 aiovg-col aiovg-col-3 aiovg-col-xs-2\" data-id=\"12689\">\r\n                \n<div class=\"aiovg-thumbnail aiovg-thumbnail-style-image-top\">\n    <a href=\"https:\/\/vinculacion.aiep.cl\/index.php\/video\/mujeres-valientes\/\" class=\"aiovg-responsive-container\" style=\"padding-bottom: 56.25%;\"><img decoding=\"async\" src=\"https:\/\/img.youtube.com\/vi\/5FWwCuz32h4\/maxresdefault.jpg\" alt=\"Mujeres valientes\" class=\"aiovg-responsive-element\" loading=\"lazy\"\/><div class=\"aiovg-duration\">01:28<\/div><svg xmlns=\"http:\/\/www.w3.org\/2000\/svg\" fill=\"white\" width=\"40\" height=\"40\" viewBox=\"0 0 24 24\" class=\"aiovg-svg-icon-play aiovg-flex-shrink-0\">\n            <path fill-rule=\"evenodd\" d=\"M2.25 12c0-5.385 4.365-9.75 9.75-9.75s9.75 4.365 9.75 9.75-4.365 9.75-9.75 9.75S2.25 17.385 2.25 12Zm14.024-.983a1.125 1.125 0 0 1 0 1.966l-5.603 3.113A1.125 1.125 0 0 1 9 15.113V8.887c0-.857.921-1.4 1.671-.983l5.603 3.113Z\" clip-rule=\"evenodd\" \/>\n        <\/svg><\/a> \n    <div class=\"aiovg-caption\">\n                    <div class=\"aiovg-title\">\n                <a href=\"https:\/\/vinculacion.aiep.cl\/index.php\/video\/mujeres-valientes\/\" class=\"aiovg-link-title\">Mujeres valientes<\/a>            <\/div>\n        \n        \n               \n        \n        \n               \n\n         \n        \n            <\/div>    \n<\/div>            \r\n            <\/div>                \r\n                        \r\n            <div class=\"aiovg-item-video aiovg-item-video-12688 aiovg-col aiovg-col-3 aiovg-col-xs-2\" data-id=\"12688\">\r\n                \n<div class=\"aiovg-thumbnail aiovg-thumbnail-style-image-top\">\n    <a href=\"https:\/\/vinculacion.aiep.cl\/index.php\/video\/iconos-del-teatro\/\" class=\"aiovg-responsive-container\" style=\"padding-bottom: 56.25%;\"><img decoding=\"async\" src=\"https:\/\/img.youtube.com\/vi\/5WNexhNUAFc\/maxresdefault.jpg\" alt=\"\u00cdconos del Teatro\" class=\"aiovg-responsive-element\" loading=\"lazy\"\/><div class=\"aiovg-duration\">01:19<\/div><svg xmlns=\"http:\/\/www.w3.org\/2000\/svg\" fill=\"white\" width=\"40\" height=\"40\" viewBox=\"0 0 24 24\" class=\"aiovg-svg-icon-play aiovg-flex-shrink-0\">\n            <path fill-rule=\"evenodd\" d=\"M2.25 12c0-5.385 4.365-9.75 9.75-9.75s9.75 4.365 9.75 9.75-4.365 9.75-9.75 9.75S2.25 17.385 2.25 12Zm14.024-.983a1.125 1.125 0 0 1 0 1.966l-5.603 3.113A1.125 1.125 0 0 1 9 15.113V8.887c0-.857.921-1.4 1.671-.983l5.603 3.113Z\" clip-rule=\"evenodd\" \/>\n        <\/svg><\/a> \n    <div class=\"aiovg-caption\">\n                    <div class=\"aiovg-title\">\n                <a href=\"https:\/\/vinculacion.aiep.cl\/index.php\/video\/iconos-del-teatro\/\" class=\"aiovg-link-title\">\u00cdconos del Teatro<\/a>            <\/div>\n        \n        \n               \n        \n        \n               \n\n         \n        \n            <\/div>    \n<\/div>            \r\n            <\/div>                \r\n                        \r\n            <div class=\"aiovg-item-video aiovg-item-video-12584 aiovg-col aiovg-col-3 aiovg-col-xs-2\" data-id=\"12584\">\r\n                \n<div class=\"aiovg-thumbnail aiovg-thumbnail-style-image-top\">\n    <a href=\"https:\/\/vinculacion.aiep.cl\/index.php\/video\/sistema-de-medicion-y-evaluacion-de-vinculacion-con-el-medio-de-aiep\/\" class=\"aiovg-responsive-container\" style=\"padding-bottom: 56.25%;\"><img decoding=\"async\" src=\"https:\/\/vinculacion.aiep.cl\/wp-content\/uploads\/2025\/08\/vcm.jpg\" alt=\"Sistema de Medici\u00f3n y Evaluaci\u00f3n de Vinculaci\u00f3n con el Medio de AIEP\" class=\"aiovg-responsive-element\" loading=\"lazy\"\/><div class=\"aiovg-duration\">01:46<\/div><svg xmlns=\"http:\/\/www.w3.org\/2000\/svg\" fill=\"white\" width=\"40\" height=\"40\" viewBox=\"0 0 24 24\" class=\"aiovg-svg-icon-play aiovg-flex-shrink-0\">\n            <path fill-rule=\"evenodd\" d=\"M2.25 12c0-5.385 4.365-9.75 9.75-9.75s9.75 4.365 9.75 9.75-4.365 9.75-9.75 9.75S2.25 17.385 2.25 12Zm14.024-.983a1.125 1.125 0 0 1 0 1.966l-5.603 3.113A1.125 1.125 0 0 1 9 15.113V8.887c0-.857.921-1.4 1.671-.983l5.603 3.113Z\" clip-rule=\"evenodd\" \/>\n        <\/svg><\/a> \n    <div class=\"aiovg-caption\">\n                    <div class=\"aiovg-title\">\n                <a href=\"https:\/\/vinculacion.aiep.cl\/index.php\/video\/sistema-de-medicion-y-evaluacion-de-vinculacion-con-el-medio-de-aiep\/\" class=\"aiovg-link-title\">Sistema de Medici\u00f3n y Evaluaci\u00f3n de Vinculaci\u00f3n con el Medio de AIEP<\/a>            <\/div>\n        \n        \n               \n        \n        \n               \n\n         \n        \n            <\/div>    \n<\/div>            \r\n            <\/div>                \r\n                        \r\n            <div class=\"aiovg-item-video aiovg-item-video-12587 aiovg-col aiovg-col-3 aiovg-col-xs-2\" data-id=\"12587\">\r\n                \n<div class=\"aiovg-thumbnail aiovg-thumbnail-style-image-top\">\n    <a href=\"https:\/\/vinculacion.aiep.cl\/index.php\/video\/cuidando-juntos\/\" class=\"aiovg-responsive-container\" style=\"padding-bottom: 56.25%;\"><img decoding=\"async\" src=\"https:\/\/img.youtube.com\/vi\/Qs-WSa7adRI\/maxresdefault.jpg\" alt=\"Cuidando Juntos\" class=\"aiovg-responsive-element\" loading=\"lazy\"\/><div class=\"aiovg-duration\">01:23<\/div><svg xmlns=\"http:\/\/www.w3.org\/2000\/svg\" fill=\"white\" width=\"40\" height=\"40\" viewBox=\"0 0 24 24\" class=\"aiovg-svg-icon-play aiovg-flex-shrink-0\">\n            <path fill-rule=\"evenodd\" d=\"M2.25 12c0-5.385 4.365-9.75 9.75-9.75s9.75 4.365 9.75 9.75-4.365 9.75-9.75 9.75S2.25 17.385 2.25 12Zm14.024-.983a1.125 1.125 0 0 1 0 1.966l-5.603 3.113A1.125 1.125 0 0 1 9 15.113V8.887c0-.857.921-1.4 1.671-.983l5.603 3.113Z\" clip-rule=\"evenodd\" \/>\n        <\/svg><\/a> \n    <div class=\"aiovg-caption\">\n                    <div class=\"aiovg-title\">\n                <a href=\"https:\/\/vinculacion.aiep.cl\/index.php\/video\/cuidando-juntos\/\" class=\"aiovg-link-title\">Cuidando Juntos<\/a>            <\/div>\n        \n        \n               \n        \n        \n               \n\n         \n        \n            <\/div>    \n<\/div>            \r\n            <\/div>                \r\n                        \r\n            <div class=\"aiovg-item-video aiovg-item-video-12313 aiovg-col aiovg-col-3 aiovg-col-xs-2\" data-id=\"12313\">\r\n                \n<div class=\"aiovg-thumbnail aiovg-thumbnail-style-image-top\">\n    <a href=\"https:\/\/vinculacion.aiep.cl\/index.php\/video\/trastienda-de-moda-sostenible-aiep\/\" class=\"aiovg-responsive-container\" style=\"padding-bottom: 56.25%;\"><img decoding=\"async\" src=\"https:\/\/img.youtube.com\/vi\/lET8CuvPC4o\/maxresdefault.jpg\" alt=\"Trastienda de Moda Sostenible AIEP\" class=\"aiovg-responsive-element\" loading=\"lazy\"\/><div class=\"aiovg-duration\">01:19<\/div><svg xmlns=\"http:\/\/www.w3.org\/2000\/svg\" fill=\"white\" width=\"40\" height=\"40\" viewBox=\"0 0 24 24\" class=\"aiovg-svg-icon-play aiovg-flex-shrink-0\">\n            <path fill-rule=\"evenodd\" d=\"M2.25 12c0-5.385 4.365-9.75 9.75-9.75s9.75 4.365 9.75 9.75-4.365 9.75-9.75 9.75S2.25 17.385 2.25 12Zm14.024-.983a1.125 1.125 0 0 1 0 1.966l-5.603 3.113A1.125 1.125 0 0 1 9 15.113V8.887c0-.857.921-1.4 1.671-.983l5.603 3.113Z\" clip-rule=\"evenodd\" \/>\n        <\/svg><\/a> \n    <div class=\"aiovg-caption\">\n                    <div class=\"aiovg-title\">\n                <a href=\"https:\/\/vinculacion.aiep.cl\/index.php\/video\/trastienda-de-moda-sostenible-aiep\/\" class=\"aiovg-link-title\">Trastienda de Moda Sostenible AIEP<\/a>            <\/div>\n        \n        \n               \n        \n        \n               \n\n         \n        \n            <\/div>    \n<\/div>            \r\n            <\/div>                \r\n                        \r\n            <div class=\"aiovg-item-video aiovg-item-video-12306 aiovg-col aiovg-col-3 aiovg-col-xs-2\" data-id=\"12306\">\r\n                \n<div class=\"aiovg-thumbnail aiovg-thumbnail-style-image-top\">\n    <a href=\"https:\/\/vinculacion.aiep.cl\/index.php\/video\/vinculados-a-otro-nivel-autonomia-saludable\/\" class=\"aiovg-responsive-container\" style=\"padding-bottom: 56.25%;\"><img decoding=\"async\" src=\"https:\/\/img.youtube.com\/vi\/7ARSsHx0kRc\/mqdefault.jpg\" alt=\"Vinculados a otro nivel: Autonom\u00eda Saludable\" class=\"aiovg-responsive-element\" loading=\"lazy\"\/><div class=\"aiovg-duration\">53:19<\/div><svg xmlns=\"http:\/\/www.w3.org\/2000\/svg\" fill=\"white\" width=\"40\" height=\"40\" viewBox=\"0 0 24 24\" class=\"aiovg-svg-icon-play aiovg-flex-shrink-0\">\n            <path fill-rule=\"evenodd\" d=\"M2.25 12c0-5.385 4.365-9.75 9.75-9.75s9.75 4.365 9.75 9.75-4.365 9.75-9.75 9.75S2.25 17.385 2.25 12Zm14.024-.983a1.125 1.125 0 0 1 0 1.966l-5.603 3.113A1.125 1.125 0 0 1 9 15.113V8.887c0-.857.921-1.4 1.671-.983l5.603 3.113Z\" clip-rule=\"evenodd\" \/>\n        <\/svg><\/a> \n    <div class=\"aiovg-caption\">\n                    <div class=\"aiovg-title\">\n                <a href=\"https:\/\/vinculacion.aiep.cl\/index.php\/video\/vinculados-a-otro-nivel-autonomia-saludable\/\" class=\"aiovg-link-title\">Vinculados a otro nivel: Autonom\u00eda Saludable<\/a>            <\/div>\n        \n        \n               \n        \n        \n               \n\n         \n        \n            <\/div>    \n<\/div>            \r\n            <\/div>                \r\n                        \r\n            <div class=\"aiovg-item-video aiovg-item-video-11464 aiovg-col aiovg-col-3 aiovg-col-xs-2\" data-id=\"11464\">\r\n                \n<div class=\"aiovg-thumbnail aiovg-thumbnail-style-image-top\">\n    <a href=\"https:\/\/vinculacion.aiep.cl\/index.php\/video\/vinculados-a-otro-nivel-f3-formacion-femenina-fosis\/\" class=\"aiovg-responsive-container\" style=\"padding-bottom: 56.25%;\"><img decoding=\"async\" src=\"https:\/\/img.youtube.com\/vi\/QP1M8DF3bac\/maxresdefault.jpg\" alt=\"Vinculados a Otro Nivel - F3: Formaci\u00f3n Femenina FOSIS\" class=\"aiovg-responsive-element\" loading=\"lazy\"\/><svg xmlns=\"http:\/\/www.w3.org\/2000\/svg\" fill=\"white\" width=\"40\" height=\"40\" viewBox=\"0 0 24 24\" class=\"aiovg-svg-icon-play aiovg-flex-shrink-0\">\n            <path fill-rule=\"evenodd\" d=\"M2.25 12c0-5.385 4.365-9.75 9.75-9.75s9.75 4.365 9.75 9.75-4.365 9.75-9.75 9.75S2.25 17.385 2.25 12Zm14.024-.983a1.125 1.125 0 0 1 0 1.966l-5.603 3.113A1.125 1.125 0 0 1 9 15.113V8.887c0-.857.921-1.4 1.671-.983l5.603 3.113Z\" clip-rule=\"evenodd\" \/>\n        <\/svg><\/a> \n    <div class=\"aiovg-caption\">\n                    <div class=\"aiovg-title\">\n                <a href=\"https:\/\/vinculacion.aiep.cl\/index.php\/video\/vinculados-a-otro-nivel-f3-formacion-femenina-fosis\/\" class=\"aiovg-link-title\">Vinculados a Otro Nivel &#8211; F3: Formaci\u00f3n Femenina FOSIS<\/a>            <\/div>\n        \n        \n               \n        \n        \n               \n\n         \n        \n            <\/div>    \n<\/div>            \r\n            <\/div>                \r\n                        \r\n            <div class=\"aiovg-item-video aiovg-item-video-11453 aiovg-col aiovg-col-3 aiovg-col-xs-2\" data-id=\"11453\">\r\n                \n<div class=\"aiovg-thumbnail aiovg-thumbnail-style-image-top\">\n    <a href=\"https:\/\/vinculacion.aiep.cl\/index.php\/video\/segundo-encuentro-de-desarrollo-sostenible-y-comunidades-de-la-region-de-los-lagos\/\" class=\"aiovg-responsive-container\" style=\"padding-bottom: 56.25%;\"><img decoding=\"async\" src=\"https:\/\/vinculacion.aiep.cl\/wp-content\/uploads\/2024\/11\/LinkedIn-1024x512-1-100-1-750x510.jpg\" alt=\"Segundo encuentro de Desarrollo Sostenible y Comunidades de la Region de los Lagos\" class=\"aiovg-responsive-element\" loading=\"lazy\"\/><svg xmlns=\"http:\/\/www.w3.org\/2000\/svg\" fill=\"white\" width=\"40\" height=\"40\" viewBox=\"0 0 24 24\" class=\"aiovg-svg-icon-play aiovg-flex-shrink-0\">\n            <path fill-rule=\"evenodd\" d=\"M2.25 12c0-5.385 4.365-9.75 9.75-9.75s9.75 4.365 9.75 9.75-4.365 9.75-9.75 9.75S2.25 17.385 2.25 12Zm14.024-.983a1.125 1.125 0 0 1 0 1.966l-5.603 3.113A1.125 1.125 0 0 1 9 15.113V8.887c0-.857.921-1.4 1.671-.983l5.603 3.113Z\" clip-rule=\"evenodd\" \/>\n        <\/svg><\/a> \n    <div class=\"aiovg-caption\">\n                    <div class=\"aiovg-title\">\n                <a href=\"https:\/\/vinculacion.aiep.cl\/index.php\/video\/segundo-encuentro-de-desarrollo-sostenible-y-comunidades-de-la-region-de-los-lagos\/\" class=\"aiovg-link-title\">Segundo encuentro de Desarrollo Sostenible y Comunidades de la Region de los Lagos<\/a>            <\/div>\n        \n        \n               \n        \n        \n               \n\n         \n        \n            <\/div>    \n<\/div>            \r\n            <\/div>                \r\n                        \r\n            <div class=\"aiovg-item-video aiovg-item-video-11339 aiovg-col aiovg-col-3 aiovg-col-xs-2\" data-id=\"11339\">\r\n                \n<div class=\"aiovg-thumbnail aiovg-thumbnail-style-image-top\">\n    <a href=\"https:\/\/vinculacion.aiep.cl\/index.php\/video\/vinculados-a-otro-nivel-tu-puedes-seguir-creciendo-aiep-talca\/\" class=\"aiovg-responsive-container\" style=\"padding-bottom: 56.25%;\"><img decoding=\"async\" src=\"https:\/\/img.youtube.com\/vi\/93-3U6b3TDg\/maxresdefault.jpg\" alt=\"Vinculados a Otro Nivel - Tu puedes seguir creciendo - AIEP Talca\" class=\"aiovg-responsive-element\" loading=\"lazy\"\/><div class=\"aiovg-duration\">50:09<\/div><svg xmlns=\"http:\/\/www.w3.org\/2000\/svg\" fill=\"white\" width=\"40\" height=\"40\" viewBox=\"0 0 24 24\" class=\"aiovg-svg-icon-play aiovg-flex-shrink-0\">\n            <path fill-rule=\"evenodd\" d=\"M2.25 12c0-5.385 4.365-9.75 9.75-9.75s9.75 4.365 9.75 9.75-4.365 9.75-9.75 9.75S2.25 17.385 2.25 12Zm14.024-.983a1.125 1.125 0 0 1 0 1.966l-5.603 3.113A1.125 1.125 0 0 1 9 15.113V8.887c0-.857.921-1.4 1.671-.983l5.603 3.113Z\" clip-rule=\"evenodd\" \/>\n        <\/svg><\/a> \n    <div class=\"aiovg-caption\">\n                    <div class=\"aiovg-title\">\n                <a href=\"https:\/\/vinculacion.aiep.cl\/index.php\/video\/vinculados-a-otro-nivel-tu-puedes-seguir-creciendo-aiep-talca\/\" class=\"aiovg-link-title\">Vinculados a Otro Nivel &#8211; Tu puedes seguir creciendo &#8211; AIEP Talca<\/a>            <\/div>\n        \n        \n               \n        \n        \n               \n\n         \n        \n            <\/div>    \n<\/div>            \r\n            <\/div>                \r\n                <\/div>\r\n    \r\n    <aiovg-pagination class=\"aiovg-pagination aiovg-text-center\"><div class=\"aiovg-pagination-links\"><span aria-current=\"page\" class=\"page-numbers current\">1<\/span><a class=\"page-numbers\" href=\"https:\/\/vinculacion.aiep.cl\/index.php\/wp-json\/wp\/v2\/pages\/10655\/page\/2\">2<\/a><a class=\"next page-numbers\" href=\"https:\/\/vinculacion.aiep.cl\/index.php\/wp-json\/wp\/v2\/pages\/10655\/page\/2\">&raquo;<\/a><\/div><div class=\"aiovg-pagination-info aiovg-text-muted aiovg-text-small\">Page 1 of 2<\/div><\/aiovg-pagination><\/div>\n","protected":false},"excerpt":{"rendered":"","protected":false},"author":1,"featured_media":0,"parent":0,"menu_order":0,"comment_status":"closed","ping_status":"closed","template":"","meta":{"footnotes":""},"class_list":["post-10655","page","type-page","status-publish","hentry"],"yoast_head":"<!-- This site is optimized with the Yoast SEO plugin v26.8 - https:\/\/yoast.com\/product\/yoast-seo-wordpress\/ -->\n<title>Videos - Vinculaci\u00f3n con el Medio AIEP<\/title>\n<meta name=\"robots\" content=\"index, follow, max-snippet:-1, max-image-preview:large, max-video-preview:-1\" \/>\n<link rel=\"canonical\" href=\"https:\/\/vinculacion.aiep.cl\/index.php\/videos\/\" \/>\n<meta property=\"og:locale\" content=\"es_ES\" \/>\n<meta property=\"og:type\" content=\"article\" \/>\n<meta property=\"og:title\" content=\"Videos - Vinculaci\u00f3n con el Medio AIEP\" \/>\n<meta property=\"og:url\" content=\"https:\/\/vinculacion.aiep.cl\/index.php\/videos\/\" \/>\n<meta property=\"og:site_name\" content=\"Vinculaci\u00f3n con el Medio AIEP\" \/>\n<meta property=\"article:modified_time\" content=\"2025-08-26T19:41:50+00:00\" \/>\n<meta name=\"twitter:card\" content=\"summary_large_image\" \/>\n<meta name=\"twitter:label1\" content=\"Tiempo de lectura\" \/>\n\t<meta name=\"twitter:data1\" content=\"1 minuto\" \/>\n<script type=\"application\/ld+json\" class=\"yoast-schema-graph\">{\"@context\":\"https:\/\/schema.org\",\"@graph\":[{\"@type\":\"WebPage\",\"@id\":\"https:\/\/vinculacion.aiep.cl\/index.php\/videos\/\",\"url\":\"https:\/\/vinculacion.aiep.cl\/index.php\/videos\/\",\"name\":\"Videos - Vinculaci\u00f3n con el Medio AIEP\",\"isPartOf\":{\"@id\":\"https:\/\/vinculacion.aiep.cl\/#website\"},\"datePublished\":\"2024-01-29T20:46:07+00:00\",\"dateModified\":\"2025-08-26T19:41:50+00:00\",\"breadcrumb\":{\"@id\":\"https:\/\/vinculacion.aiep.cl\/index.php\/videos\/#breadcrumb\"},\"inLanguage\":\"es\",\"potentialAction\":[{\"@type\":\"ReadAction\",\"target\":[\"https:\/\/vinculacion.aiep.cl\/index.php\/videos\/\"]}]},{\"@type\":\"BreadcrumbList\",\"@id\":\"https:\/\/vinculacion.aiep.cl\/index.php\/videos\/#breadcrumb\",\"itemListElement\":[{\"@type\":\"ListItem\",\"position\":1,\"name\":\"Home\",\"item\":\"https:\/\/vinculacion.aiep.cl\/\"},{\"@type\":\"ListItem\",\"position\":2,\"name\":\"Videos\"}]},{\"@type\":\"WebSite\",\"@id\":\"https:\/\/vinculacion.aiep.cl\/#website\",\"url\":\"https:\/\/vinculacion.aiep.cl\/\",\"name\":\"Vinculaci\u00f3n con el medio\",\"description\":\"\",\"publisher\":{\"@id\":\"https:\/\/vinculacion.aiep.cl\/#organization\"},\"potentialAction\":[{\"@type\":\"SearchAction\",\"target\":{\"@type\":\"EntryPoint\",\"urlTemplate\":\"https:\/\/vinculacion.aiep.cl\/?s={search_term_string}\"},\"query-input\":{\"@type\":\"PropertyValueSpecification\",\"valueRequired\":true,\"valueName\":\"search_term_string\"}}],\"inLanguage\":\"es\"},{\"@type\":\"Organization\",\"@id\":\"https:\/\/vinculacion.aiep.cl\/#organization\",\"name\":\"Vinculaci\u00f3n AIEP\",\"url\":\"https:\/\/vinculacion.aiep.cl\/\",\"logo\":{\"@type\":\"ImageObject\",\"inLanguage\":\"es\",\"@id\":\"https:\/\/vinculacion.aiep.cl\/#\/schema\/logo\/image\/\",\"url\":\"https:\/\/vinculacion.aiep.cl\/wp-content\/uploads\/2024\/11\/logo-large.png\",\"contentUrl\":\"https:\/\/vinculacion.aiep.cl\/wp-content\/uploads\/2024\/11\/logo-large.png\",\"width\":500,\"height\":500,\"caption\":\"Vinculaci\u00f3n AIEP\"},\"image\":{\"@id\":\"https:\/\/vinculacion.aiep.cl\/#\/schema\/logo\/image\/\"}}]}<\/script>\n<!-- \/ Yoast SEO plugin. -->","yoast_head_json":{"title":"Videos - Vinculaci\u00f3n con el Medio AIEP","robots":{"index":"index","follow":"follow","max-snippet":"max-snippet:-1","max-image-preview":"max-image-preview:large","max-video-preview":"max-video-preview:-1"},"canonical":"https:\/\/vinculacion.aiep.cl\/index.php\/videos\/","og_locale":"es_ES","og_type":"article","og_title":"Videos - Vinculaci\u00f3n con el Medio AIEP","og_url":"https:\/\/vinculacion.aiep.cl\/index.php\/videos\/","og_site_name":"Vinculaci\u00f3n con el Medio AIEP","article_modified_time":"2025-08-26T19:41:50+00:00","twitter_card":"summary_large_image","twitter_misc":{"Tiempo de lectura":"1 minuto"},"schema":{"@context":"https:\/\/schema.org","@graph":[{"@type":"WebPage","@id":"https:\/\/vinculacion.aiep.cl\/index.php\/videos\/","url":"https:\/\/vinculacion.aiep.cl\/index.php\/videos\/","name":"Videos - Vinculaci\u00f3n con el Medio AIEP","isPartOf":{"@id":"https:\/\/vinculacion.aiep.cl\/#website"},"datePublished":"2024-01-29T20:46:07+00:00","dateModified":"2025-08-26T19:41:50+00:00","breadcrumb":{"@id":"https:\/\/vinculacion.aiep.cl\/index.php\/videos\/#breadcrumb"},"inLanguage":"es","potentialAction":[{"@type":"ReadAction","target":["https:\/\/vinculacion.aiep.cl\/index.php\/videos\/"]}]},{"@type":"BreadcrumbList","@id":"https:\/\/vinculacion.aiep.cl\/index.php\/videos\/#breadcrumb","itemListElement":[{"@type":"ListItem","position":1,"name":"Home","item":"https:\/\/vinculacion.aiep.cl\/"},{"@type":"ListItem","position":2,"name":"Videos"}]},{"@type":"WebSite","@id":"https:\/\/vinculacion.aiep.cl\/#website","url":"https:\/\/vinculacion.aiep.cl\/","name":"Vinculaci\u00f3n con el medio","description":"","publisher":{"@id":"https:\/\/vinculacion.aiep.cl\/#organization"},"potentialAction":[{"@type":"SearchAction","target":{"@type":"EntryPoint","urlTemplate":"https:\/\/vinculacion.aiep.cl\/?s={search_term_string}"},"query-input":{"@type":"PropertyValueSpecification","valueRequired":true,"valueName":"search_term_string"}}],"inLanguage":"es"},{"@type":"Organization","@id":"https:\/\/vinculacion.aiep.cl\/#organization","name":"Vinculaci\u00f3n AIEP","url":"https:\/\/vinculacion.aiep.cl\/","logo":{"@type":"ImageObject","inLanguage":"es","@id":"https:\/\/vinculacion.aiep.cl\/#\/schema\/logo\/image\/","url":"https:\/\/vinculacion.aiep.cl\/wp-content\/uploads\/2024\/11\/logo-large.png","contentUrl":"https:\/\/vinculacion.aiep.cl\/wp-content\/uploads\/2024\/11\/logo-large.png","width":500,"height":500,"caption":"Vinculaci\u00f3n AIEP"},"image":{"@id":"https:\/\/vinculacion.aiep.cl\/#\/schema\/logo\/image\/"}}]}},"_links":{"self":[{"href":"https:\/\/vinculacion.aiep.cl\/index.php\/wp-json\/wp\/v2\/pages\/10655","targetHints":{"allow":["GET"]}}],"collection":[{"href":"https:\/\/vinculacion.aiep.cl\/index.php\/wp-json\/wp\/v2\/pages"}],"about":[{"href":"https:\/\/vinculacion.aiep.cl\/index.php\/wp-json\/wp\/v2\/types\/page"}],"author":[{"embeddable":true,"href":"https:\/\/vinculacion.aiep.cl\/index.php\/wp-json\/wp\/v2\/users\/1"}],"replies":[{"embeddable":true,"href":"https:\/\/vinculacion.aiep.cl\/index.php\/wp-json\/wp\/v2\/comments?post=10655"}],"version-history":[{"count":1,"href":"https:\/\/vinculacion.aiep.cl\/index.php\/wp-json\/wp\/v2\/pages\/10655\/revisions"}],"predecessor-version":[{"id":12586,"href":"https:\/\/vinculacion.aiep.cl\/index.php\/wp-json\/wp\/v2\/pages\/10655\/revisions\/12586"}],"wp:attachment":[{"href":"https:\/\/vinculacion.aiep.cl\/index.php\/wp-json\/wp\/v2\/media?parent=10655"}],"curies":[{"name":"wp","href":"https:\/\/api.w.org\/{rel}","templated":true}]}}