{"id":12174,"date":"2025-05-16T14:10:26","date_gmt":"2025-05-16T18:10:26","guid":{"rendered":"https:\/\/vinculacion.aiep.cl\/?page_id=12174"},"modified":"2025-06-02T08:54:34","modified_gmt":"2025-06-02T12:54:34","slug":"acciones-de-relacionamiento","status":"publish","type":"page","link":"https:\/\/vinculacion.aiep.cl\/index.php\/acciones-de-relacionamiento\/","title":{"rendered":"Acciones de relacionamiento"},"content":{"rendered":"\t\t<div data-elementor-type=\"wp-page\" data-elementor-id=\"12174\" class=\"elementor elementor-12174\">\n\t\t\t\t\t\t<section class=\"elementor-section elementor-top-section elementor-element elementor-element-5731209 elementor-section-boxed elementor-section-height-default elementor-section-height-default\" data-id=\"5731209\" data-element_type=\"section\" data-e-type=\"section\">\n\t\t\t\t\t\t<div class=\"elementor-container elementor-column-gap-default\">\n\t\t\t\t\t<div class=\"elementor-column elementor-col-100 elementor-top-column elementor-element elementor-element-cd550cd column-style-top column-top\" data-id=\"cd550cd\" data-element_type=\"column\" data-e-type=\"column\">\n\t\t\t<div class=\"elementor-widget-wrap\">\n\t\t\t\t\t\t\t<\/div>\n\t\t<\/div>\n\t\t\t\t\t<\/div>\n\t\t<\/section>\n\t\t\t\t<section class=\"elementor-section elementor-top-section elementor-element elementor-element-aff5f1f elementor-section-boxed elementor-section-height-default elementor-section-height-default elementor-invisible\" data-id=\"aff5f1f\" data-element_type=\"section\" data-e-type=\"section\" data-settings=\"{&quot;animation&quot;:&quot;fadeIn&quot;}\">\n\t\t\t\t\t\t<div class=\"elementor-container elementor-column-gap-default\">\n\t\t\t\t\t<div class=\"elementor-column elementor-col-100 elementor-top-column elementor-element elementor-element-edcbf25 column-style-top column-top\" data-id=\"edcbf25\" data-element_type=\"column\" data-e-type=\"column\">\n\t\t\t<div class=\"elementor-widget-wrap elementor-element-populated\">\n\t\t\t\t\t\t<div class=\"elementor-element elementor-element-39a937d elementor-widget elementor-widget-spacer\" data-id=\"39a937d\" data-element_type=\"widget\" data-e-type=\"widget\" data-widget_type=\"spacer.default\">\n\t\t\t\t<div class=\"elementor-widget-container\">\n\t\t\t\t\t\t\t<div class=\"elementor-spacer\">\n\t\t\t<div class=\"elementor-spacer-inner\"><\/div>\n\t\t<\/div>\n\t\t\t\t\t\t<\/div>\n\t\t\t\t<\/div>\n\t\t\t\t<div class=\"elementor-element elementor-element-bab0535 elementor-widget elementor-widget-heading\" data-id=\"bab0535\" data-element_type=\"widget\" data-e-type=\"widget\" data-widget_type=\"heading.default\">\n\t\t\t\t<div class=\"elementor-widget-container\">\n\t\t\t\t\t<h2 class=\"elementor-heading-title elementor-size-default\">Acciones de Relacionamiento <\/h2>\t\t\t\t<\/div>\n\t\t\t\t<\/div>\n\t\t\t\t<div class=\"elementor-element elementor-element-a988e24 elementor-widget elementor-widget-spacer\" data-id=\"a988e24\" data-element_type=\"widget\" data-e-type=\"widget\" data-widget_type=\"spacer.default\">\n\t\t\t\t<div class=\"elementor-widget-container\">\n\t\t\t\t\t\t\t<div class=\"elementor-spacer\">\n\t\t\t<div class=\"elementor-spacer-inner\"><\/div>\n\t\t<\/div>\n\t\t\t\t\t\t<\/div>\n\t\t\t\t<\/div>\n\t\t\t\t\t<\/div>\n\t\t<\/div>\n\t\t\t\t\t<\/div>\n\t\t<\/section>\n\t\t\t\t<section class=\"elementor-section elementor-top-section elementor-element elementor-element-419183c elementor-section-boxed elementor-section-height-default elementor-section-height-default\" data-id=\"419183c\" data-element_type=\"section\" data-e-type=\"section\">\n\t\t\t\t\t\t<div class=\"elementor-container elementor-column-gap-default\">\n\t\t\t\t\t<div class=\"elementor-column elementor-col-100 elementor-top-column elementor-element elementor-element-291e921 column-style-top column-top\" data-id=\"291e921\" data-element_type=\"column\" data-e-type=\"column\">\n\t\t\t<div class=\"elementor-widget-wrap elementor-element-populated\">\n\t\t\t\t\t\t<div class=\"elementor-element elementor-element-ba3cbd2 elementor-widget elementor-widget-text-editor\" data-id=\"ba3cbd2\" data-element_type=\"widget\" data-e-type=\"widget\" data-widget_type=\"text-editor.default\">\n\t\t\t\t<div class=\"elementor-widget-container\">\n\t\t\t\t\t\t\t\t\t<p><span class=\"TextRun Highlight SCXW75054237 BCX0\" lang=\"ES-CL\" xml:lang=\"ES-CL\" data-contrast=\"auto\"><span class=\"NormalTextRun SCXW75054237 BCX0\">C<\/span><span class=\"NormalTextRun SCXW75054237 BCX0\">on el objetivo de fortalecer las redes de trabajo, alianzas e instancias de articulaci\u00f3n con los distintos grupos de inter\u00e9s en el modelo de vinculaci\u00f3n con el medio, la <\/span><span class=\"NormalTextRun SCXW75054237 BCX0\">instituci\u00f3n<\/span><span class=\"NormalTextRun SCXW75054237 BCX0\"> promueve de manera formal y sistem\u00e1tica \u201cacciones de relacionamiento\u201d. <\/span><\/span><\/p><p><span class=\"TextRun Highlight SCXW75054237 BCX0\" lang=\"ES-CL\" xml:lang=\"ES-CL\" data-contrast=\"auto\"><span class=\"NormalTextRun SCXW75054237 BCX0\">Estas act\u00faan como esfuerzos complementarios que responden al entorno de la instituci\u00f3n, desde la perspectiva territorial y\/o disciplinar<\/span><\/span><span class=\"TextRun Highlight SCXW75054237 BCX0\" lang=\"ES-CL\" xml:lang=\"ES-CL\" data-contrast=\"auto\"><span class=\"NormalTextRun SCXW75054237 BCX0\">.<\/span><\/span><\/p>\t\t\t\t\t\t\t\t<\/div>\n\t\t\t\t<\/div>\n\t\t\t\t\t<\/div>\n\t\t<\/div>\n\t\t\t\t\t<\/div>\n\t\t<\/section>\n\t\t\t\t<section class=\"elementor-section elementor-top-section elementor-element elementor-element-f3ab991 elementor-section-boxed elementor-section-height-default elementor-section-height-default\" data-id=\"f3ab991\" data-element_type=\"section\" data-e-type=\"section\">\n\t\t\t\t\t\t<div class=\"elementor-container elementor-column-gap-default\">\n\t\t\t\t\t<div class=\"elementor-column elementor-col-100 elementor-top-column elementor-element elementor-element-eb14ef2 column-style-top column-top\" data-id=\"eb14ef2\" data-element_type=\"column\" data-e-type=\"column\">\n\t\t\t<div class=\"elementor-widget-wrap elementor-element-populated\">\n\t\t\t\t\t\t<div class=\"elementor-element elementor-element-b753676 elementor-widget elementor-widget-eael-adv-tabs\" data-id=\"b753676\" data-element_type=\"widget\" data-e-type=\"widget\" data-widget_type=\"eael-adv-tabs.default\">\n\t\t\t\t<div class=\"elementor-widget-container\">\n\t\t\t\t\t        <div data-scroll-on-click=\"no\" data-scroll-speed=\"300\" id=\"eael-advance-tabs-b753676\" class=\"eael-advance-tabs eael-tabs-horizontal eael-tab-auto-active \" data-tabid=\"b753676\">\n            <div class=\"eael-tabs-nav \">\n                <ul class=\"\" role=\"tablist\">\n                                            <li id=\"cultura\" class=\"inactive eael-tab-item-trigger eael-tab-nav-item\" aria-selected=\"true\" data-tab=\"1\" role=\"tab\" tabindex=\"0\" aria-controls=\"cultura-tab\" aria-expanded=\"false\">\n                            \n                            \n                            \n                                                            <span class=\"eael-tab-title title-after-icon\" >Cultura<\/span>                                                    <\/li>\n                                            <li id=\"instancias-consultivas-yo-participativas\" class=\"inactive eael-tab-item-trigger eael-tab-nav-item\" aria-selected=\"false\" data-tab=\"2\" role=\"tab\" tabindex=\"-1\" aria-controls=\"instancias-consultivas-yo-participativas-tab\" aria-expanded=\"false\">\n                            \n                            \n                            \n                                                            <span class=\"eael-tab-title title-after-icon\" >Instancias consultivas y\/o participativas<\/span>                                                    <\/li>\n                    \n                                  <\/ul>\n            <\/div>\n            \n            <div class=\"eael-tabs-content\">\n\t\t        \n                    <div id=\"cultura-tab\" class=\"clearfix eael-tab-content-item inactive\" data-title-link=\"cultura-tab\">\n\t\t\t\t        <p>La Instituci\u00f3n entiende Cultura AIEP, como todas las iniciativas de vinculaci\u00f3n con el medio y de extensi\u00f3n que respondan en alg\u00fan \u00e1mbito a las contribuciones internas y\/o externas declaradas en su modelo.<\/p><p>El objetivo de Cultura AIEP, es articular la cultura y las artes, sus talentos y las nuevas generaciones con las comunidades y territorios donde estamos presentes a nivel regional y nacional, preservando el patrimonio cultural material e inmaterial, democratizando el acceso a instancias culturales y vinculando este esfuerzo con la formaci\u00f3n de nuestros estudiantes, a trav\u00e9s de instancias e iniciativas que fomenten la sostenibilidad, la equidad de g\u00e9nero y la inclusi\u00f3n.\u00a0\u00a0<\/p>                    <\/div>\n\t\t        \n                    <div id=\"instancias-consultivas-yo-participativas-tab\" class=\"clearfix eael-tab-content-item inactive\" data-title-link=\"instancias-consultivas-yo-participativas-tab\">\n\t\t\t\t        <ul><li><strong>Comit\u00e9s locales. <\/strong>Los comit\u00e9s locales corresponden a instancias mensuales dirigidas por los\/as directores\/as de sede, y en la que participan colaboradores\/as del \u00e1rea acad\u00e9mica y administrativa de la sede, con el prop\u00f3sito de asegurar el despliegue de la funci\u00f3n de vinculaci\u00f3n con el medio en el territorio.<\/li><li><strong>Consejos consultivos regionales.<\/strong> Los consejos consultivos corresponden a instancias semestrales dirigidas por los\/as directores\/as de las sedes insertas en las diferentes regiones del pa\u00eds, en las que representantes de la cu\u00e1druple h\u00e9lice dialogan sobre las brechas y oportunidades de desarrollo regional en el corto, mediano y largo plazo. Cada consejo consultivo regional cuenta con la participaci\u00f3n de representantes del Sector P\u00fablico (ej., municipios, gobierno regional, intendencias, etc.), el Sector Privado (empresas, gremios, instituciones, etc.), la Sociedad Civil (organizaciones sociales, fundaciones, etc.) y la Academia.<\/li><li><strong>Consejos asesores tem\u00e1ticos.<\/strong> Con la finalidad de robustecer el despliegue de la vinculaci\u00f3n con el medio en tem\u00e1ticas de relevancia y contingencia nacional e internacional es que se desarrollan los consejos asesores tem\u00e1ticos. El consejo asesor tem\u00e1tico permite fortalecer redes de trabajo, alianzas e instancias de articulaci\u00f3n con los grupos de inter\u00e9s definidos, y que permiten avanzar hacia el desarrollo de una interacci\u00f3n bidireccional con el prop\u00f3sito de reflexionar colectivamente, identificar brechas y generar lineamientos que orienten acciones pertinentes en los territorios, a trav\u00e9s de los mecanismos del modelo institucional de Vinculaci\u00f3n con el medio.<\/li><li><strong>Reportes anuales de VcM.<\/strong><ul><li><p><strong>Reporte de sedes. <\/strong>El reporte anual de vinculaci\u00f3n con el medio, son instancias anuales que permiten visibilizar el trabajo colaborativo entre AIEP y los distintos socios comunitarios, evidenciando el despliegue de las iniciativas enmarcadas en los mecanismos del modelo de vinculaci\u00f3n con el medio, y as\u00ed reconocer su contribuci\u00f3n social, formativa y territorial, impulsada por cada sede. En la instancia tambi\u00e9n se reconocen a docentes, estudiantes y colaboradores, que han tenido participaci\u00f3n acciones de vinculaci\u00f3n con el medio durante el a\u00f1o.<\/p><\/li><\/ul><\/li><li><p><strong>Encuentros de desarrollo sostenible. <\/strong>Los Encuentros de Desarrollo Sostenible y Comunidades son instancias creadas con el objetivo de generar espacios de colaboraci\u00f3n en el territorio y promover el desarrollo sostenible, buscando crear valor e identificar buenas pr\u00e1cticas de instituciones p\u00fablicos y privadas que buscan el equilibrio entre el crecimiento econ\u00f3mico, el cuidado al medioambiente y el bienestar social.\u00a0<\/p><\/li><li><strong>\u00a0Vinculados a otro nivel. <\/strong>Los conversatorios \u00abVinculados a Otro Nivel\u00bb son una iniciativa de AIEP que busca visibilizar y socializar las acciones de Vinculaci\u00f3n con el Medio (VcM) a trav\u00e9s de la voz de sus protagonistas: estudiantes, docentes y socios comunitarios. Estos espacios de di\u00e1logo permiten compartir experiencias, aprendizajes y desaf\u00edos en torno a proyectos que generan impacto social, formativo y territorial, fortaleciendo as\u00ed el compromiso de AIEP con el desarrollo sostenible de las comunidades donde est\u00e1 presente.<\/li><li><p><strong>Vive Vinculaci\u00f3n. <\/strong>El Foro \u201cViveVinculaci\u00f3n\u201d, es una instancia in\u00e9dita que se consolid\u00f3 como espacio clave para el reconocimiento de buenas pr\u00e1cticas acad\u00e9micas y el intercambio de experiencias en Vinculaci\u00f3n con el Medio (VcM), visibilizando el rol activo de docentes, jefes de escuela, estudiantes y titulados en el fortalecimiento de la relaci\u00f3n entre la academia y la comunidad.<\/p><\/li><li><p><strong>Premio Impacto Social. <\/strong>El Premio Impacto Social es una iniciativa conjunta de la Universidad Andr\u00e9s Bello y el Instituto Profesional AIEP, que busca reconocer, visibilizar y fortalecer a j\u00f3venes emprendedores sociales que, a trav\u00e9s de proyectos innovadores, generan soluciones sostenibles a problem\u00e1ticas sociales y ambientales del pa\u00eds.<\/p><p>Con m\u00e1s de 14 a\u00f1os de trayectoria, esta instancia ha consolidado la red de emprendedores sociales m\u00e1s grande de Chile, con m\u00e1s de 130 fellows. Cada a\u00f1o, se seleccionan 10 nuevos ganadores mediante un proceso riguroso que incluye convocatoria nacional, capacitaciones, mentor\u00edas, bootcamp de formaci\u00f3n y pitch ante jurado.<\/p><p>El premio entrega formaci\u00f3n especializada, visibilidad, acceso a redes y acompa\u00f1amiento, promoviendo el rol de los j\u00f3venes como agentes de cambio y aportando activamente al desarrollo sostenible del territorio. Asimismo, busca proyectar una comunidad activa de l\u00edderes sociales que impacten positivamente en sus comunidades desde una mirada interdisciplinaria y colaborativa.<\/p><\/li><\/ul>                    <\/div>\n\t\t                    <\/div>\n        <\/div>\n\t\t\t\t<\/div>\n\t\t\t\t<\/div>\n\t\t\t\t\t<\/div>\n\t\t<\/div>\n\t\t\t\t\t<\/div>\n\t\t<\/section>\n\t\t\t\t<\/div>\n\t\t","protected":false},"excerpt":{"rendered":"<p>Acciones de Relacionamiento Con el objetivo de fortalecer las redes de trabajo, alianzas e instancias de articulaci\u00f3n con los distintos grupos de inter\u00e9s en el modelo de vinculaci\u00f3n con el medio, la instituci\u00f3n promueve de manera formal y sistem\u00e1tica \u201cacciones de relacionamiento\u201d. Estas act\u00faan como esfuerzos complementarios que responden al entorno de la instituci\u00f3n, desde [&hellip;]<\/p>\n","protected":false},"author":1,"featured_media":0,"parent":0,"menu_order":0,"comment_status":"closed","ping_status":"closed","template":"elementor_theme","meta":{"footnotes":""},"class_list":["post-12174","page","type-page","status-publish","hentry"],"yoast_head":"<!-- This site is optimized with the Yoast SEO plugin v26.8 - https:\/\/yoast.com\/product\/yoast-seo-wordpress\/ -->\n<title>Acciones de relacionamiento - Vinculaci\u00f3n con el Medio AIEP<\/title>\n<meta name=\"robots\" content=\"index, follow, max-snippet:-1, max-image-preview:large, max-video-preview:-1\" \/>\n<link rel=\"canonical\" href=\"https:\/\/vinculacion.aiep.cl\/index.php\/acciones-de-relacionamiento\/\" \/>\n<meta property=\"og:locale\" content=\"es_ES\" \/>\n<meta property=\"og:type\" content=\"article\" \/>\n<meta property=\"og:title\" content=\"Acciones de relacionamiento - Vinculaci\u00f3n con el Medio AIEP\" \/>\n<meta property=\"og:description\" content=\"Acciones de Relacionamiento Con el objetivo de fortalecer las redes de trabajo, alianzas e instancias de articulaci\u00f3n con los distintos grupos de inter\u00e9s en el modelo de vinculaci\u00f3n con el medio, la instituci\u00f3n promueve de manera formal y sistem\u00e1tica \u201cacciones de relacionamiento\u201d. Estas act\u00faan como esfuerzos complementarios que responden al entorno de la instituci\u00f3n, desde [&hellip;]\" \/>\n<meta property=\"og:url\" content=\"https:\/\/vinculacion.aiep.cl\/index.php\/acciones-de-relacionamiento\/\" \/>\n<meta property=\"og:site_name\" content=\"Vinculaci\u00f3n con el Medio AIEP\" \/>\n<meta property=\"article:modified_time\" content=\"2025-06-02T12:54:34+00:00\" \/>\n<meta name=\"twitter:card\" content=\"summary_large_image\" \/>\n<meta name=\"twitter:label1\" content=\"Tiempo de lectura\" \/>\n\t<meta name=\"twitter:data1\" content=\"4 minutos\" \/>\n<script type=\"application\/ld+json\" class=\"yoast-schema-graph\">{\"@context\":\"https:\/\/schema.org\",\"@graph\":[{\"@type\":\"WebPage\",\"@id\":\"https:\/\/vinculacion.aiep.cl\/index.php\/acciones-de-relacionamiento\/\",\"url\":\"https:\/\/vinculacion.aiep.cl\/index.php\/acciones-de-relacionamiento\/\",\"name\":\"Acciones de relacionamiento - Vinculaci\u00f3n con el Medio AIEP\",\"isPartOf\":{\"@id\":\"https:\/\/vinculacion.aiep.cl\/#website\"},\"datePublished\":\"2025-05-16T18:10:26+00:00\",\"dateModified\":\"2025-06-02T12:54:34+00:00\",\"breadcrumb\":{\"@id\":\"https:\/\/vinculacion.aiep.cl\/index.php\/acciones-de-relacionamiento\/#breadcrumb\"},\"inLanguage\":\"es\",\"potentialAction\":[{\"@type\":\"ReadAction\",\"target\":[\"https:\/\/vinculacion.aiep.cl\/index.php\/acciones-de-relacionamiento\/\"]}]},{\"@type\":\"BreadcrumbList\",\"@id\":\"https:\/\/vinculacion.aiep.cl\/index.php\/acciones-de-relacionamiento\/#breadcrumb\",\"itemListElement\":[{\"@type\":\"ListItem\",\"position\":1,\"name\":\"Home\",\"item\":\"https:\/\/vinculacion.aiep.cl\/\"},{\"@type\":\"ListItem\",\"position\":2,\"name\":\"Acciones de relacionamiento\"}]},{\"@type\":\"WebSite\",\"@id\":\"https:\/\/vinculacion.aiep.cl\/#website\",\"url\":\"https:\/\/vinculacion.aiep.cl\/\",\"name\":\"Vinculaci\u00f3n con el medio\",\"description\":\"\",\"publisher\":{\"@id\":\"https:\/\/vinculacion.aiep.cl\/#organization\"},\"potentialAction\":[{\"@type\":\"SearchAction\",\"target\":{\"@type\":\"EntryPoint\",\"urlTemplate\":\"https:\/\/vinculacion.aiep.cl\/?s={search_term_string}\"},\"query-input\":{\"@type\":\"PropertyValueSpecification\",\"valueRequired\":true,\"valueName\":\"search_term_string\"}}],\"inLanguage\":\"es\"},{\"@type\":\"Organization\",\"@id\":\"https:\/\/vinculacion.aiep.cl\/#organization\",\"name\":\"Vinculaci\u00f3n AIEP\",\"url\":\"https:\/\/vinculacion.aiep.cl\/\",\"logo\":{\"@type\":\"ImageObject\",\"inLanguage\":\"es\",\"@id\":\"https:\/\/vinculacion.aiep.cl\/#\/schema\/logo\/image\/\",\"url\":\"https:\/\/vinculacion.aiep.cl\/wp-content\/uploads\/2024\/11\/logo-large.png\",\"contentUrl\":\"https:\/\/vinculacion.aiep.cl\/wp-content\/uploads\/2024\/11\/logo-large.png\",\"width\":500,\"height\":500,\"caption\":\"Vinculaci\u00f3n AIEP\"},\"image\":{\"@id\":\"https:\/\/vinculacion.aiep.cl\/#\/schema\/logo\/image\/\"}}]}<\/script>\n<!-- \/ Yoast SEO plugin. -->","yoast_head_json":{"title":"Acciones de relacionamiento - Vinculaci\u00f3n con el Medio AIEP","robots":{"index":"index","follow":"follow","max-snippet":"max-snippet:-1","max-image-preview":"max-image-preview:large","max-video-preview":"max-video-preview:-1"},"canonical":"https:\/\/vinculacion.aiep.cl\/index.php\/acciones-de-relacionamiento\/","og_locale":"es_ES","og_type":"article","og_title":"Acciones de relacionamiento - Vinculaci\u00f3n con el Medio AIEP","og_description":"Acciones de Relacionamiento Con el objetivo de fortalecer las redes de trabajo, alianzas e instancias de articulaci\u00f3n con los distintos grupos de inter\u00e9s en el modelo de vinculaci\u00f3n con el medio, la instituci\u00f3n promueve de manera formal y sistem\u00e1tica \u201cacciones de relacionamiento\u201d. Estas act\u00faan como esfuerzos complementarios que responden al entorno de la instituci\u00f3n, desde [&hellip;]","og_url":"https:\/\/vinculacion.aiep.cl\/index.php\/acciones-de-relacionamiento\/","og_site_name":"Vinculaci\u00f3n con el Medio AIEP","article_modified_time":"2025-06-02T12:54:34+00:00","twitter_card":"summary_large_image","twitter_misc":{"Tiempo de lectura":"4 minutos"},"schema":{"@context":"https:\/\/schema.org","@graph":[{"@type":"WebPage","@id":"https:\/\/vinculacion.aiep.cl\/index.php\/acciones-de-relacionamiento\/","url":"https:\/\/vinculacion.aiep.cl\/index.php\/acciones-de-relacionamiento\/","name":"Acciones de relacionamiento - Vinculaci\u00f3n con el Medio AIEP","isPartOf":{"@id":"https:\/\/vinculacion.aiep.cl\/#website"},"datePublished":"2025-05-16T18:10:26+00:00","dateModified":"2025-06-02T12:54:34+00:00","breadcrumb":{"@id":"https:\/\/vinculacion.aiep.cl\/index.php\/acciones-de-relacionamiento\/#breadcrumb"},"inLanguage":"es","potentialAction":[{"@type":"ReadAction","target":["https:\/\/vinculacion.aiep.cl\/index.php\/acciones-de-relacionamiento\/"]}]},{"@type":"BreadcrumbList","@id":"https:\/\/vinculacion.aiep.cl\/index.php\/acciones-de-relacionamiento\/#breadcrumb","itemListElement":[{"@type":"ListItem","position":1,"name":"Home","item":"https:\/\/vinculacion.aiep.cl\/"},{"@type":"ListItem","position":2,"name":"Acciones de relacionamiento"}]},{"@type":"WebSite","@id":"https:\/\/vinculacion.aiep.cl\/#website","url":"https:\/\/vinculacion.aiep.cl\/","name":"Vinculaci\u00f3n con el medio","description":"","publisher":{"@id":"https:\/\/vinculacion.aiep.cl\/#organization"},"potentialAction":[{"@type":"SearchAction","target":{"@type":"EntryPoint","urlTemplate":"https:\/\/vinculacion.aiep.cl\/?s={search_term_string}"},"query-input":{"@type":"PropertyValueSpecification","valueRequired":true,"valueName":"search_term_string"}}],"inLanguage":"es"},{"@type":"Organization","@id":"https:\/\/vinculacion.aiep.cl\/#organization","name":"Vinculaci\u00f3n AIEP","url":"https:\/\/vinculacion.aiep.cl\/","logo":{"@type":"ImageObject","inLanguage":"es","@id":"https:\/\/vinculacion.aiep.cl\/#\/schema\/logo\/image\/","url":"https:\/\/vinculacion.aiep.cl\/wp-content\/uploads\/2024\/11\/logo-large.png","contentUrl":"https:\/\/vinculacion.aiep.cl\/wp-content\/uploads\/2024\/11\/logo-large.png","width":500,"height":500,"caption":"Vinculaci\u00f3n AIEP"},"image":{"@id":"https:\/\/vinculacion.aiep.cl\/#\/schema\/logo\/image\/"}}]}},"_links":{"self":[{"href":"https:\/\/vinculacion.aiep.cl\/index.php\/wp-json\/wp\/v2\/pages\/12174","targetHints":{"allow":["GET"]}}],"collection":[{"href":"https:\/\/vinculacion.aiep.cl\/index.php\/wp-json\/wp\/v2\/pages"}],"about":[{"href":"https:\/\/vinculacion.aiep.cl\/index.php\/wp-json\/wp\/v2\/types\/page"}],"author":[{"embeddable":true,"href":"https:\/\/vinculacion.aiep.cl\/index.php\/wp-json\/wp\/v2\/users\/1"}],"replies":[{"embeddable":true,"href":"https:\/\/vinculacion.aiep.cl\/index.php\/wp-json\/wp\/v2\/comments?post=12174"}],"version-history":[{"count":10,"href":"https:\/\/vinculacion.aiep.cl\/index.php\/wp-json\/wp\/v2\/pages\/12174\/revisions"}],"predecessor-version":[{"id":12275,"href":"https:\/\/vinculacion.aiep.cl\/index.php\/wp-json\/wp\/v2\/pages\/12174\/revisions\/12275"}],"wp:attachment":[{"href":"https:\/\/vinculacion.aiep.cl\/index.php\/wp-json\/wp\/v2\/media?parent=12174"}],"curies":[{"name":"wp","href":"https:\/\/api.w.org\/{rel}","templated":true}]}}