{"id":5943,"date":"2021-05-19T05:49:46","date_gmt":"2021-05-19T09:49:46","guid":{"rendered":"https:\/\/vinculacion.aiep.cl\/?page_id=5943"},"modified":"2025-05-15T10:28:39","modified_gmt":"2025-05-15T14:28:39","slug":"consejo-consultivo","status":"publish","type":"page","link":"https:\/\/vinculacion.aiep.cl\/index.php\/consejo-consultivo\/","title":{"rendered":"Consejo Consultivo"},"content":{"rendered":"\t\t<div data-elementor-type=\"wp-page\" data-elementor-id=\"5943\" class=\"elementor elementor-5943\">\n\t\t\t\t\t\t<section class=\"elementor-section elementor-top-section elementor-element elementor-element-5731209 elementor-section-boxed elementor-section-height-default elementor-section-height-default\" data-id=\"5731209\" data-element_type=\"section\" data-e-type=\"section\">\n\t\t\t\t\t\t<div class=\"elementor-container elementor-column-gap-default\">\n\t\t\t\t\t<div class=\"elementor-column elementor-col-100 elementor-top-column elementor-element elementor-element-cd550cd column-style-top column-top\" data-id=\"cd550cd\" data-element_type=\"column\" data-e-type=\"column\">\n\t\t\t<div class=\"elementor-widget-wrap\">\n\t\t\t\t\t\t\t<\/div>\n\t\t<\/div>\n\t\t\t\t\t<\/div>\n\t\t<\/section>\n\t\t\t\t<section class=\"elementor-section elementor-top-section elementor-element elementor-element-aff5f1f elementor-section-boxed elementor-section-height-default elementor-section-height-default elementor-invisible\" data-id=\"aff5f1f\" data-element_type=\"section\" data-e-type=\"section\" data-settings=\"{&quot;animation&quot;:&quot;fadeIn&quot;}\">\n\t\t\t\t\t\t<div class=\"elementor-container elementor-column-gap-default\">\n\t\t\t\t\t<div class=\"elementor-column elementor-col-100 elementor-top-column elementor-element elementor-element-edcbf25 column-style-top column-top\" data-id=\"edcbf25\" data-element_type=\"column\" data-e-type=\"column\">\n\t\t\t<div class=\"elementor-widget-wrap elementor-element-populated\">\n\t\t\t\t\t\t<div class=\"elementor-element elementor-element-39a937d elementor-widget elementor-widget-spacer\" data-id=\"39a937d\" data-element_type=\"widget\" data-e-type=\"widget\" data-widget_type=\"spacer.default\">\n\t\t\t\t<div class=\"elementor-widget-container\">\n\t\t\t\t\t\t\t<div class=\"elementor-spacer\">\n\t\t\t<div class=\"elementor-spacer-inner\"><\/div>\n\t\t<\/div>\n\t\t\t\t\t\t<\/div>\n\t\t\t\t<\/div>\n\t\t\t\t<div class=\"elementor-element elementor-element-bab0535 elementor-widget elementor-widget-heading\" data-id=\"bab0535\" data-element_type=\"widget\" data-e-type=\"widget\" data-widget_type=\"heading.default\">\n\t\t\t\t<div class=\"elementor-widget-container\">\n\t\t\t\t\t<h2 class=\"elementor-heading-title elementor-size-default\">Consejos Consultivos<\/h2>\t\t\t\t<\/div>\n\t\t\t\t<\/div>\n\t\t\t\t<div class=\"elementor-element elementor-element-a988e24 elementor-widget elementor-widget-spacer\" data-id=\"a988e24\" data-element_type=\"widget\" data-e-type=\"widget\" data-widget_type=\"spacer.default\">\n\t\t\t\t<div class=\"elementor-widget-container\">\n\t\t\t\t\t\t\t<div class=\"elementor-spacer\">\n\t\t\t<div class=\"elementor-spacer-inner\"><\/div>\n\t\t<\/div>\n\t\t\t\t\t\t<\/div>\n\t\t\t\t<\/div>\n\t\t\t\t<div class=\"elementor-element elementor-element-ddcc473 elementor-widget elementor-widget-toggle\" data-id=\"ddcc473\" data-element_type=\"widget\" data-e-type=\"widget\" data-widget_type=\"toggle.default\">\n\t\t\t\t<div class=\"elementor-widget-container\">\n\t\t\t\t\t\t\t<div class=\"elementor-toggle\">\n\t\t\t\t\t\t\t<div class=\"elementor-toggle-item\">\n\t\t\t\t\t<div id=\"elementor-tab-title-2321\" class=\"elementor-tab-title\" data-tab=\"1\" role=\"button\" aria-controls=\"elementor-tab-content-2321\" aria-expanded=\"false\">\n\t\t\t\t\t\t\t\t\t\t\t\t<span class=\"elementor-toggle-icon elementor-toggle-icon-left\" aria-hidden=\"true\">\n\t\t\t\t\t\t\t\t\t\t\t\t\t\t\t<span class=\"elementor-toggle-icon-closed\"><i class=\"fas fa-caret-right\"><\/i><\/span>\n\t\t\t\t\t\t\t\t<span class=\"elementor-toggle-icon-opened\"><i class=\"elementor-toggle-icon-opened fas fa-caret-up\"><\/i><\/span>\n\t\t\t\t\t\t\t\t\t\t\t\t\t<\/span>\n\t\t\t\t\t\t\t\t\t\t\t\t<a class=\"elementor-toggle-title\" tabindex=\"0\">\u00bfQu\u00e9 es un Consejo Consultivo Regional? <\/a>\n\t\t\t\t\t<\/div>\n\n\t\t\t\t\t<div id=\"elementor-tab-content-2321\" class=\"elementor-tab-content elementor-clearfix\" data-tab=\"1\" role=\"region\" aria-labelledby=\"elementor-tab-title-2321\"><p>Es una instancia semestral de di\u00e1logo y conocimiento rec\u00edproco agrupados por regi\u00f3n entre representantes de la cu\u00e1druple h\u00e9lice; sector p\u00fablico, sector privado, Sociedad civil y la academia del entorno cercano a nuestras sedes. Su principal objetivo es identificar brechas y oportunidades de desarrollo, estableciendo posibles mecanismos de trabajo conjunto para responder a los retos identificados.<\/p><\/div>\n\t\t\t\t<\/div>\n\t\t\t\t\t\t\t<div class=\"elementor-toggle-item\">\n\t\t\t\t\t<div id=\"elementor-tab-title-2322\" class=\"elementor-tab-title\" data-tab=\"2\" role=\"button\" aria-controls=\"elementor-tab-content-2322\" aria-expanded=\"false\">\n\t\t\t\t\t\t\t\t\t\t\t\t<span class=\"elementor-toggle-icon elementor-toggle-icon-left\" aria-hidden=\"true\">\n\t\t\t\t\t\t\t\t\t\t\t\t\t\t\t<span class=\"elementor-toggle-icon-closed\"><i class=\"fas fa-caret-right\"><\/i><\/span>\n\t\t\t\t\t\t\t\t<span class=\"elementor-toggle-icon-opened\"><i class=\"elementor-toggle-icon-opened fas fa-caret-up\"><\/i><\/span>\n\t\t\t\t\t\t\t\t\t\t\t\t\t<\/span>\n\t\t\t\t\t\t\t\t\t\t\t\t<a class=\"elementor-toggle-title\" tabindex=\"0\">\u00bfQu\u00e9 tipo de organizaciones participan?<\/a>\n\t\t\t\t\t<\/div>\n\n\t\t\t\t\t<div id=\"elementor-tab-content-2322\" class=\"elementor-tab-content elementor-clearfix\" data-tab=\"2\" role=\"region\" aria-labelledby=\"elementor-tab-title-2322\"><p>En la instancia participan distintos actores del territorio, dentro de los siguientes:<\/p><ul><li>sector p\u00fablico (municipios, gobierno regional, intendencias, etc.)<\/li><li>sector privado (empresas, gremios, instituciones, etc.)<\/li><li>Sociedad civil (organizaciones sociales, fundaciones, etc.)<\/li><li>Instituciones de educaci\u00f3n (la academia)<\/li><\/ul><\/div>\n\t\t\t\t<\/div>\n\t\t\t\t\t\t\t<div class=\"elementor-toggle-item\">\n\t\t\t\t\t<div id=\"elementor-tab-title-2323\" class=\"elementor-tab-title\" data-tab=\"3\" role=\"button\" aria-controls=\"elementor-tab-content-2323\" aria-expanded=\"false\">\n\t\t\t\t\t\t\t\t\t\t\t\t<span class=\"elementor-toggle-icon elementor-toggle-icon-left\" aria-hidden=\"true\">\n\t\t\t\t\t\t\t\t\t\t\t\t\t\t\t<span class=\"elementor-toggle-icon-closed\"><i class=\"fas fa-caret-right\"><\/i><\/span>\n\t\t\t\t\t\t\t\t<span class=\"elementor-toggle-icon-opened\"><i class=\"elementor-toggle-icon-opened fas fa-caret-up\"><\/i><\/span>\n\t\t\t\t\t\t\t\t\t\t\t\t\t<\/span>\n\t\t\t\t\t\t\t\t\t\t\t\t<a class=\"elementor-toggle-title\" tabindex=\"0\">\u00bfD\u00f3nde operan los consejos consultivos?<\/a>\n\t\t\t\t\t<\/div>\n\n\t\t\t\t\t<div id=\"elementor-tab-content-2323\" class=\"elementor-tab-content elementor-clearfix\" data-tab=\"3\" role=\"region\" aria-labelledby=\"elementor-tab-title-2323\"><p>Nuestra instituci\u00f3n divide su extensi\u00f3n territorial agrupando a sus sedes en diez zonas:<\/p><ul><li>Consejo Regi\u00f3n Antofagasta<\/li><li>Consejo Regi\u00f3n del Biob\u00edo<\/li><li>Consejo Regi\u00f3n de Coquimbo<\/li><li>Consejo Regi\u00f3n de La Araucan\u00eda<\/li><li>Consejo Regi\u00f3n de Los Lagos<\/li><li>Consejo Regi\u00f3n del Maule<\/li><li>Consejo Regi\u00f3n de O\u00b4Higgins<\/li><li>Consejo RM<\/li><li>Consejo Regi\u00f3n Valpara\u00edso<\/li><li>Consejo Online<\/li><\/ul><p>\u00a0Las instancias son lideradas por los directores de cada una de las sedes AIEP circunscritas a dichas zonas.\u00a0<\/p><\/div>\n\t\t\t\t<\/div>\n\t\t\t\t\t\t\t\t\t\t<script type=\"application\/ld+json\">{\"@context\":\"https:\\\/\\\/schema.org\",\"@type\":\"FAQPage\",\"mainEntity\":[{\"@type\":\"Question\",\"name\":\"\\u00bfQu\\u00e9 es un Consejo Consultivo Regional?\",\"acceptedAnswer\":{\"@type\":\"Answer\",\"text\":\"<p>Es una instancia semestral de di\\u00e1logo y conocimiento rec\\u00edproco agrupados por regi\\u00f3n entre representantes de la cu\\u00e1druple h\\u00e9lice; sector p\\u00fablico, sector privado, Sociedad civil y la academia del entorno cercano a nuestras sedes. Su principal objetivo es identificar brechas y oportunidades de desarrollo, estableciendo posibles mecanismos de trabajo conjunto para responder a los retos identificados.<\\\/p>\"}},{\"@type\":\"Question\",\"name\":\"\\u00bfQu\\u00e9 tipo de organizaciones participan?\",\"acceptedAnswer\":{\"@type\":\"Answer\",\"text\":\"<p>En la instancia participan distintos actores del territorio, dentro de los siguientes:<\\\/p><ul><li>sector p\\u00fablico (municipios, gobierno regional, intendencias, etc.)<\\\/li><li>sector privado (empresas, gremios, instituciones, etc.)<\\\/li><li>Sociedad civil (organizaciones sociales, fundaciones, etc.)<\\\/li><li>Instituciones de educaci\\u00f3n (la academia)<\\\/li><\\\/ul>\"}},{\"@type\":\"Question\",\"name\":\"\\u00bfD\\u00f3nde operan los consejos consultivos?\",\"acceptedAnswer\":{\"@type\":\"Answer\",\"text\":\"<p>Nuestra instituci\\u00f3n divide su extensi\\u00f3n territorial agrupando a sus sedes en diez zonas:<\\\/p><ul><li>Consejo Regi\\u00f3n Antofagasta<\\\/li><li>Consejo Regi\\u00f3n del Biob\\u00edo<\\\/li><li>Consejo Regi\\u00f3n de Coquimbo<\\\/li><li>Consejo Regi\\u00f3n de La Araucan\\u00eda<\\\/li><li>Consejo Regi\\u00f3n de Los Lagos<\\\/li><li>Consejo Regi\\u00f3n del Maule<\\\/li><li>Consejo Regi\\u00f3n de O\\u00b4Higgins<\\\/li><li>Consejo RM<\\\/li><li>Consejo Regi\\u00f3n Valpara\\u00edso<\\\/li><li>Consejo Online<\\\/li><\\\/ul><p>\\u00a0Las instancias son lideradas por los directores de cada una de las sedes AIEP circunscritas a dichas zonas.\\u00a0<\\\/p>\"}}]}<\/script>\n\t\t\t\t\t<\/div>\n\t\t\t\t\t\t<\/div>\n\t\t\t\t<\/div>\n\t\t\t\t\t<\/div>\n\t\t<\/div>\n\t\t\t\t\t<\/div>\n\t\t<\/section>\n\t\t\t\t<section class=\"elementor-section elementor-top-section elementor-element elementor-element-419183c elementor-section-boxed elementor-section-height-default elementor-section-height-default\" data-id=\"419183c\" data-element_type=\"section\" data-e-type=\"section\">\n\t\t\t\t\t\t<div class=\"elementor-container elementor-column-gap-default\">\n\t\t\t\t\t<div class=\"elementor-column elementor-col-100 elementor-top-column elementor-element elementor-element-291e921 column-style-top column-top\" data-id=\"291e921\" data-element_type=\"column\" data-e-type=\"column\">\n\t\t\t<div class=\"elementor-widget-wrap elementor-element-populated\">\n\t\t\t\t\t\t<div class=\"elementor-element elementor-element-10fd7cf elementor-widget elementor-widget-spacer\" data-id=\"10fd7cf\" data-element_type=\"widget\" data-e-type=\"widget\" data-widget_type=\"spacer.default\">\n\t\t\t\t<div class=\"elementor-widget-container\">\n\t\t\t\t\t\t\t<div class=\"elementor-spacer\">\n\t\t\t<div class=\"elementor-spacer-inner\"><\/div>\n\t\t<\/div>\n\t\t\t\t\t\t<\/div>\n\t\t\t\t<\/div>\n\t\t\t\t\t<\/div>\n\t\t<\/div>\n\t\t\t\t\t<\/div>\n\t\t<\/section>\n\t\t\t\t<\/div>\n\t\t","protected":false},"excerpt":{"rendered":"<p>Consejos Consultivos \u00bfQu\u00e9 es un Consejo Consultivo Regional? Es una instancia semestral de di\u00e1logo y conocimiento rec\u00edproco agrupados por regi\u00f3n entre representantes de la cu\u00e1druple h\u00e9lice; sector p\u00fablico, sector privado, Sociedad civil y la academia del entorno cercano a nuestras sedes. Su principal objetivo es identificar brechas y oportunidades de desarrollo, estableciendo posibles mecanismos de [&hellip;]<\/p>\n","protected":false},"author":1,"featured_media":0,"parent":0,"menu_order":0,"comment_status":"closed","ping_status":"closed","template":"elementor_theme","meta":{"footnotes":""},"class_list":["post-5943","page","type-page","status-publish","hentry"],"yoast_head":"<!-- This site is optimized with the Yoast SEO plugin v26.8 - https:\/\/yoast.com\/product\/yoast-seo-wordpress\/ -->\n<title>Consejo Consultivo - Vinculaci\u00f3n con el Medio AIEP<\/title>\n<meta name=\"robots\" content=\"index, follow, max-snippet:-1, max-image-preview:large, max-video-preview:-1\" \/>\n<link rel=\"canonical\" href=\"https:\/\/vinculacion.aiep.cl\/index.php\/consejo-consultivo\/\" \/>\n<meta property=\"og:locale\" content=\"es_ES\" \/>\n<meta property=\"og:type\" content=\"article\" \/>\n<meta property=\"og:title\" content=\"Consejo Consultivo - Vinculaci\u00f3n con el Medio AIEP\" \/>\n<meta property=\"og:description\" content=\"Consejos Consultivos \u00bfQu\u00e9 es un Consejo Consultivo Regional? Es una instancia semestral de di\u00e1logo y conocimiento rec\u00edproco agrupados por regi\u00f3n entre representantes de la cu\u00e1druple h\u00e9lice; sector p\u00fablico, sector privado, Sociedad civil y la academia del entorno cercano a nuestras sedes. Su principal objetivo es identificar brechas y oportunidades de desarrollo, estableciendo posibles mecanismos de [&hellip;]\" \/>\n<meta property=\"og:url\" content=\"https:\/\/vinculacion.aiep.cl\/index.php\/consejo-consultivo\/\" \/>\n<meta property=\"og:site_name\" content=\"Vinculaci\u00f3n con el Medio AIEP\" \/>\n<meta property=\"article:modified_time\" content=\"2025-05-15T14:28:39+00:00\" \/>\n<meta name=\"twitter:card\" content=\"summary_large_image\" \/>\n<meta name=\"twitter:label1\" content=\"Tiempo de lectura\" \/>\n\t<meta name=\"twitter:data1\" content=\"1 minuto\" \/>\n<script type=\"application\/ld+json\" class=\"yoast-schema-graph\">{\"@context\":\"https:\/\/schema.org\",\"@graph\":[{\"@type\":\"WebPage\",\"@id\":\"https:\/\/vinculacion.aiep.cl\/index.php\/consejo-consultivo\/\",\"url\":\"https:\/\/vinculacion.aiep.cl\/index.php\/consejo-consultivo\/\",\"name\":\"Consejo Consultivo - Vinculaci\u00f3n con el Medio AIEP\",\"isPartOf\":{\"@id\":\"https:\/\/vinculacion.aiep.cl\/#website\"},\"datePublished\":\"2021-05-19T09:49:46+00:00\",\"dateModified\":\"2025-05-15T14:28:39+00:00\",\"breadcrumb\":{\"@id\":\"https:\/\/vinculacion.aiep.cl\/index.php\/consejo-consultivo\/#breadcrumb\"},\"inLanguage\":\"es\",\"potentialAction\":[{\"@type\":\"ReadAction\",\"target\":[\"https:\/\/vinculacion.aiep.cl\/index.php\/consejo-consultivo\/\"]}]},{\"@type\":\"BreadcrumbList\",\"@id\":\"https:\/\/vinculacion.aiep.cl\/index.php\/consejo-consultivo\/#breadcrumb\",\"itemListElement\":[{\"@type\":\"ListItem\",\"position\":1,\"name\":\"Home\",\"item\":\"https:\/\/vinculacion.aiep.cl\/\"},{\"@type\":\"ListItem\",\"position\":2,\"name\":\"Consejo Consultivo\"}]},{\"@type\":\"WebSite\",\"@id\":\"https:\/\/vinculacion.aiep.cl\/#website\",\"url\":\"https:\/\/vinculacion.aiep.cl\/\",\"name\":\"Vinculaci\u00f3n con el medio\",\"description\":\"\",\"publisher\":{\"@id\":\"https:\/\/vinculacion.aiep.cl\/#organization\"},\"potentialAction\":[{\"@type\":\"SearchAction\",\"target\":{\"@type\":\"EntryPoint\",\"urlTemplate\":\"https:\/\/vinculacion.aiep.cl\/?s={search_term_string}\"},\"query-input\":{\"@type\":\"PropertyValueSpecification\",\"valueRequired\":true,\"valueName\":\"search_term_string\"}}],\"inLanguage\":\"es\"},{\"@type\":\"Organization\",\"@id\":\"https:\/\/vinculacion.aiep.cl\/#organization\",\"name\":\"Vinculaci\u00f3n AIEP\",\"url\":\"https:\/\/vinculacion.aiep.cl\/\",\"logo\":{\"@type\":\"ImageObject\",\"inLanguage\":\"es\",\"@id\":\"https:\/\/vinculacion.aiep.cl\/#\/schema\/logo\/image\/\",\"url\":\"https:\/\/vinculacion.aiep.cl\/wp-content\/uploads\/2024\/11\/logo-large.png\",\"contentUrl\":\"https:\/\/vinculacion.aiep.cl\/wp-content\/uploads\/2024\/11\/logo-large.png\",\"width\":500,\"height\":500,\"caption\":\"Vinculaci\u00f3n AIEP\"},\"image\":{\"@id\":\"https:\/\/vinculacion.aiep.cl\/#\/schema\/logo\/image\/\"}}]}<\/script>\n<!-- \/ Yoast SEO plugin. -->","yoast_head_json":{"title":"Consejo Consultivo - Vinculaci\u00f3n con el Medio AIEP","robots":{"index":"index","follow":"follow","max-snippet":"max-snippet:-1","max-image-preview":"max-image-preview:large","max-video-preview":"max-video-preview:-1"},"canonical":"https:\/\/vinculacion.aiep.cl\/index.php\/consejo-consultivo\/","og_locale":"es_ES","og_type":"article","og_title":"Consejo Consultivo - Vinculaci\u00f3n con el Medio AIEP","og_description":"Consejos Consultivos \u00bfQu\u00e9 es un Consejo Consultivo Regional? Es una instancia semestral de di\u00e1logo y conocimiento rec\u00edproco agrupados por regi\u00f3n entre representantes de la cu\u00e1druple h\u00e9lice; sector p\u00fablico, sector privado, Sociedad civil y la academia del entorno cercano a nuestras sedes. Su principal objetivo es identificar brechas y oportunidades de desarrollo, estableciendo posibles mecanismos de [&hellip;]","og_url":"https:\/\/vinculacion.aiep.cl\/index.php\/consejo-consultivo\/","og_site_name":"Vinculaci\u00f3n con el Medio AIEP","article_modified_time":"2025-05-15T14:28:39+00:00","twitter_card":"summary_large_image","twitter_misc":{"Tiempo de lectura":"1 minuto"},"schema":{"@context":"https:\/\/schema.org","@graph":[{"@type":"WebPage","@id":"https:\/\/vinculacion.aiep.cl\/index.php\/consejo-consultivo\/","url":"https:\/\/vinculacion.aiep.cl\/index.php\/consejo-consultivo\/","name":"Consejo Consultivo - Vinculaci\u00f3n con el Medio AIEP","isPartOf":{"@id":"https:\/\/vinculacion.aiep.cl\/#website"},"datePublished":"2021-05-19T09:49:46+00:00","dateModified":"2025-05-15T14:28:39+00:00","breadcrumb":{"@id":"https:\/\/vinculacion.aiep.cl\/index.php\/consejo-consultivo\/#breadcrumb"},"inLanguage":"es","potentialAction":[{"@type":"ReadAction","target":["https:\/\/vinculacion.aiep.cl\/index.php\/consejo-consultivo\/"]}]},{"@type":"BreadcrumbList","@id":"https:\/\/vinculacion.aiep.cl\/index.php\/consejo-consultivo\/#breadcrumb","itemListElement":[{"@type":"ListItem","position":1,"name":"Home","item":"https:\/\/vinculacion.aiep.cl\/"},{"@type":"ListItem","position":2,"name":"Consejo Consultivo"}]},{"@type":"WebSite","@id":"https:\/\/vinculacion.aiep.cl\/#website","url":"https:\/\/vinculacion.aiep.cl\/","name":"Vinculaci\u00f3n con el medio","description":"","publisher":{"@id":"https:\/\/vinculacion.aiep.cl\/#organization"},"potentialAction":[{"@type":"SearchAction","target":{"@type":"EntryPoint","urlTemplate":"https:\/\/vinculacion.aiep.cl\/?s={search_term_string}"},"query-input":{"@type":"PropertyValueSpecification","valueRequired":true,"valueName":"search_term_string"}}],"inLanguage":"es"},{"@type":"Organization","@id":"https:\/\/vinculacion.aiep.cl\/#organization","name":"Vinculaci\u00f3n AIEP","url":"https:\/\/vinculacion.aiep.cl\/","logo":{"@type":"ImageObject","inLanguage":"es","@id":"https:\/\/vinculacion.aiep.cl\/#\/schema\/logo\/image\/","url":"https:\/\/vinculacion.aiep.cl\/wp-content\/uploads\/2024\/11\/logo-large.png","contentUrl":"https:\/\/vinculacion.aiep.cl\/wp-content\/uploads\/2024\/11\/logo-large.png","width":500,"height":500,"caption":"Vinculaci\u00f3n AIEP"},"image":{"@id":"https:\/\/vinculacion.aiep.cl\/#\/schema\/logo\/image\/"}}]}},"_links":{"self":[{"href":"https:\/\/vinculacion.aiep.cl\/index.php\/wp-json\/wp\/v2\/pages\/5943","targetHints":{"allow":["GET"]}}],"collection":[{"href":"https:\/\/vinculacion.aiep.cl\/index.php\/wp-json\/wp\/v2\/pages"}],"about":[{"href":"https:\/\/vinculacion.aiep.cl\/index.php\/wp-json\/wp\/v2\/types\/page"}],"author":[{"embeddable":true,"href":"https:\/\/vinculacion.aiep.cl\/index.php\/wp-json\/wp\/v2\/users\/1"}],"replies":[{"embeddable":true,"href":"https:\/\/vinculacion.aiep.cl\/index.php\/wp-json\/wp\/v2\/comments?post=5943"}],"version-history":[{"count":66,"href":"https:\/\/vinculacion.aiep.cl\/index.php\/wp-json\/wp\/v2\/pages\/5943\/revisions"}],"predecessor-version":[{"id":12175,"href":"https:\/\/vinculacion.aiep.cl\/index.php\/wp-json\/wp\/v2\/pages\/5943\/revisions\/12175"}],"wp:attachment":[{"href":"https:\/\/vinculacion.aiep.cl\/index.php\/wp-json\/wp\/v2\/media?parent=5943"}],"curies":[{"name":"wp","href":"https:\/\/api.w.org\/{rel}","templated":true}]}}